{"id":614,"date":"2022-09-22T17:04:03","date_gmt":"2022-09-22T17:04:03","guid":{"rendered":"https:\/\/clinicasaory.com\/desenvolvimento\/?page_id=614"},"modified":"2026-01-10T12:35:12","modified_gmt":"2026-01-10T15:35:12","slug":"agendamento","status":"publish","type":"page","link":"https:\/\/clinicasaory.com\/desenvolvimento\/agendamento\/","title":{"rendered":"Agendamento"},"content":{"rendered":"\t\t<div data-elementor-type=\"wp-page\" data-elementor-id=\"614\" class=\"elementor elementor-614\" data-elementor-settings=\"{&quot;ha_cmc_init_switcher&quot;:&quot;no&quot;}\" data-elementor-post-type=\"page\">\n\t\t\t\t\t\t<section data-exad-particle-enable=\"false\" class=\"elementor-section elementor-top-section elementor-element elementor-element-56d8e94 elementor-section-boxed elementor-section-height-default elementor-section-height-default exad-parallax-effect-no exad-background-color-change-no exad-glass-effect-no exad-sticky-section-no\" data-id=\"56d8e94\" data-element_type=\"section\" data-e-type=\"section\" data-settings=\"{&quot;_ha_eqh_enable&quot;:false}\">\n\t\t\t\t\t\t<div class=\"elementor-container elementor-column-gap-default\">\n\t\t\t\t\t<div class=\"elementor-column elementor-col-100 elementor-top-column elementor-element elementor-element-bc14468 exad-glass-effect-no exad-sticky-section-no\" data-id=\"bc14468\" data-element_type=\"column\" data-e-type=\"column\">\n\t\t\t<div class=\"elementor-widget-wrap elementor-element-populated\">\n\t\t\t\t\t\t<section data-exad-particle-enable=\"false\" class=\"elementor-section elementor-inner-section elementor-element elementor-element-463585d elementor-section-boxed elementor-section-height-default elementor-section-height-default exad-parallax-effect-no exad-background-color-change-no exad-glass-effect-no exad-sticky-section-no\" data-id=\"463585d\" data-element_type=\"section\" data-e-type=\"section\" data-settings=\"{&quot;_ha_eqh_enable&quot;:false}\">\n\t\t\t\t\t\t<div class=\"elementor-container elementor-column-gap-default\">\n\t\t\t\t\t<div class=\"elementor-column elementor-col-50 elementor-inner-column elementor-element elementor-element-f1f4396 exad-glass-effect-no exad-sticky-section-no\" data-id=\"f1f4396\" data-element_type=\"column\" data-e-type=\"column\">\n\t\t\t<div class=\"elementor-widget-wrap elementor-element-populated\">\n\t\t\t\t\t\t<div class=\"elementor-element elementor-element-07466dc elementor-widget__width-initial exad-sticky-section-no exad-glass-effect-no elementor-widget elementor-widget-heading\" data-id=\"07466dc\" data-element_type=\"widget\" data-e-type=\"widget\" data-widget_type=\"heading.default\">\n\t\t\t\t<div class=\"elementor-widget-container\">\n\t\t\t\t\t<h2 class=\"elementor-heading-title elementor-size-default\">ABAIXO, AGENDAMENTO DE CONSULTA:<\/h2>\t\t\t\t<\/div>\n\t\t\t\t<\/div>\n\t\t\t\t<div class=\"elementor-element elementor-element-65b3511 exad-sticky-section-no exad-glass-effect-no elementor-widget elementor-widget-text-editor\" data-id=\"65b3511\" data-element_type=\"widget\" data-e-type=\"widget\" data-widget_type=\"text-editor.default\">\n\t\t\t\t<div class=\"elementor-widget-container\">\n\t\t\t\t\t\t\t\t\t<p>\u00a0<\/p><p>Este \u00e9 um espa\u00e7o de cuidado, escuta e acolhimento.<\/p><p>Se voc\u00ea est\u00e1 buscando apoio emocional, nossa equipe est\u00e1 pronta para te receber com respeito, empatia e carinho.<\/p><p>Escolha seu hor\u00e1rio com calma.\u00a0<\/p><p>Estamos com voc\u00ea.<\/p>\t\t\t\t\t\t\t\t<\/div>\n\t\t\t\t<\/div>\n\t\t\t\t<div class=\"elementor-element elementor-element-1fcdbbd elementor-widget__width-initial exad-sticky-section-no exad-glass-effect-no elementor-widget elementor-widget-heading\" data-id=\"1fcdbbd\" data-element_type=\"widget\" data-e-type=\"widget\" data-widget_type=\"heading.default\">\n\t\t\t\t<div class=\"elementor-widget-container\">\n\t\t\t\t\t<h4 class=\"elementor-heading-title elementor-size-default\">AS ESPECIALISTAS E HOR\u00c1RIOS:<\/h4>\t\t\t\t<\/div>\n\t\t\t\t<\/div>\n\t\t\t\t\t<\/div>\n\t\t<\/div>\n\t\t\t\t<div class=\"elementor-column elementor-col-50 elementor-inner-column elementor-element elementor-element-c7a7419 exad-glass-effect-no exad-sticky-section-no\" data-id=\"c7a7419\" data-element_type=\"column\" data-e-type=\"column\">\n\t\t\t<div class=\"elementor-widget-wrap\">\n\t\t\t\t\t\t\t<\/div>\n\t\t<\/div>\n\t\t\t\t\t<\/div>\n\t\t<\/section>\n\t\t\t\t<section data-exad-particle-enable=\"false\" class=\"elementor-section elementor-inner-section elementor-element elementor-element-b62d225 elementor-section-boxed elementor-section-height-default elementor-section-height-default exad-parallax-effect-no exad-background-color-change-no exad-glass-effect-no exad-sticky-section-no\" data-id=\"b62d225\" data-element_type=\"section\" data-e-type=\"section\" data-settings=\"{&quot;_ha_eqh_enable&quot;:false}\">\n\t\t\t\t\t\t<div class=\"elementor-container elementor-column-gap-default\">\n\t\t\t\t\t<div class=\"elementor-column elementor-col-50 elementor-inner-column elementor-element elementor-element-40deb60 exad-glass-effect-no exad-sticky-section-no\" data-id=\"40deb60\" data-element_type=\"column\" data-e-type=\"column\">\n\t\t\t<div class=\"elementor-widget-wrap\">\n\t\t\t\t\t\t\t<\/div>\n\t\t<\/div>\n\t\t\t\t<div class=\"elementor-column elementor-col-50 elementor-inner-column elementor-element elementor-element-3f1b127 exad-glass-effect-no exad-sticky-section-no\" data-id=\"3f1b127\" data-element_type=\"column\" data-e-type=\"column\">\n\t\t\t<div class=\"elementor-widget-wrap\">\n\t\t\t\t\t\t\t<\/div>\n\t\t<\/div>\n\t\t\t\t\t<\/div>\n\t\t<\/section>\n\t\t\t\t<div class=\"elementor-element elementor-element-db25bbe exad-sticky-section-no exad-glass-effect-no elementor-widget elementor-widget-stepbooking\" data-id=\"db25bbe\" data-element_type=\"widget\" data-e-type=\"widget\" data-widget_type=\"stepbooking.default\">\n\t\t\t\t<div class=\"elementor-widget-container\">\n\t\t\t\t\t\n<script>\n  if (typeof hasAmeliaEntitiesApiCall === 'undefined' && ('' === '' && '' !== '1')) {\n    var hasAmeliaEntitiesApiCall = true;\n  }\n  var ameliaShortcodeData = (typeof ameliaShortcodeData === 'undefined') ? [] : ameliaShortcodeData;\n  ameliaShortcodeData.push(\n    {\n      'hasApiCall': (typeof hasAmeliaEntitiesApiCall !== 'undefined') && hasAmeliaEntitiesApiCall,\n      'trigger': '',\n      'trigger_type': '',\n      'triggered_form': 'sbsNew',\n      'in_dialog': '',\n      'show': '',\n      'counter': '1000',\n      'category': '',\n      'service': '',\n      'employee': '',\n      'location': '',\n      'package': '',\n      'layout': '1',\n    }\n  );\n\n  var ameliaShortcodeDataTriggered = (typeof ameliaShortcodeDataTriggered === 'undefined') ? [] : ameliaShortcodeDataTriggered;\n  if (ameliaShortcodeData[ameliaShortcodeData.length - 1].trigger !== '') {\n    if (ameliaShortcodeDataTriggered.filter(a => a.counter === ameliaShortcodeData[ameliaShortcodeData.length - 1].counter).length === 0) {\n      ameliaShortcodeDataTriggered.push(ameliaShortcodeData.pop());\n    } else {\n      ameliaShortcodeData.pop()\n    }\n  }\n  if (typeof hasAmeliaEntitiesApiCall !== 'undefined' && hasAmeliaEntitiesApiCall) {\n    hasAmeliaEntitiesApiCall = false;\n  }\n<\/script>\n\n<div\n  id=\"amelia-v2-booking-1000\"\n  class=\"amelia-v2-booking\"\n >\n    <step-form-wrapper><\/step-form-wrapper><\/div>\n\t\t\t\t<\/div>\n\t\t\t\t<\/div>\n\t\t\t\t\t<\/div>\n\t\t<\/div>\n\t\t\t\t\t<\/div>\n\t\t<\/section>\n\t\t\t\t<\/div>\n\t\t","protected":false},"excerpt":{"rendered":"<p>ABAIXO, AGENDAMENTO DE CONSULTA: Este \u00e9 um espa\u00e7o de cuidado, escuta e acolhimento. Se voc\u00ea est\u00e1 buscando apoio emocional, nossa equipe est\u00e1 pronta para te receber com respeito, empatia e carinho. Escolha seu hor\u00e1rio com calma. Estamos com voc\u00ea. AS ESPECIALISTAS E HOR\u00c1RIOS: Beatriz da Silva CRP\/RJ: 05\/73893\u00a0 Abordagem Centrada na pessoa Segundas &#8211; 09:30h [&hellip;]<\/p>\n","protected":false},"author":2,"featured_media":2517,"parent":0,"menu_order":0,"comment_status":"closed","ping_status":"closed","template":"elementor_header_footer","meta":{"_acf_changed":false,"_joinchat":[],"footnotes":""},"class_list":["post-614","page","type-page","status-publish","has-post-thumbnail","hentry","wpbf-post"],"acf":[],"yoast_head":"<!-- This site is optimized with the Yoast SEO plugin v27.4 - https:\/\/yoast.com\/product\/yoast-seo-wordpress\/ -->\n<title>Agendamento - Cl\u00ednica Sa\u00f4ry<\/title>\n<meta name=\"robots\" content=\"index, follow, max-snippet:-1, max-image-preview:large, max-video-preview:-1\" \/>\n<link rel=\"canonical\" href=\"https:\/\/clinicasaory.com\/desenvolvimento\/agendamento\/\" \/>\n<meta property=\"og:locale\" content=\"pt_BR\" \/>\n<meta property=\"og:type\" content=\"article\" \/>\n<meta property=\"og:title\" content=\"Agendamento - Cl\u00ednica Sa\u00f4ry\" \/>\n<meta property=\"og:description\" content=\"ABAIXO, AGENDAMENTO DE CONSULTA: Este \u00e9 um espa\u00e7o de cuidado, escuta e acolhimento. Se voc\u00ea est\u00e1 buscando apoio emocional, nossa equipe est\u00e1 pronta para te receber com respeito, empatia e carinho. Escolha seu hor\u00e1rio com calma. Estamos com voc\u00ea. AS ESPECIALISTAS E HOR\u00c1RIOS: Beatriz da Silva CRP\/RJ: 05\/73893\u00a0 Abordagem Centrada na pessoa Segundas &#8211; 09:30h [&hellip;]\" \/>\n<meta property=\"og:url\" content=\"https:\/\/clinicasaory.com\/desenvolvimento\/agendamento\/\" \/>\n<meta property=\"og:site_name\" content=\"Cl\u00ednica Sa\u00f4ry\" \/>\n<meta property=\"article:modified_time\" content=\"2026-01-10T15:35:12+00:00\" \/>\n<meta property=\"og:image\" content=\"https:\/\/clinicasaory.com\/desenvolvimento\/wp-content\/uploads\/2025\/03\/logonova.png\" \/>\n\t<meta property=\"og:image:width\" content=\"792\" \/>\n\t<meta property=\"og:image:height\" content=\"792\" \/>\n\t<meta property=\"og:image:type\" content=\"image\/png\" \/>\n<meta name=\"twitter:card\" content=\"summary_large_image\" \/>\n<meta name=\"twitter:label1\" content=\"Est. tempo de leitura\" \/>\n\t<meta name=\"twitter:data1\" content=\"2 minutos\" \/>\n<script type=\"application\/ld+json\" class=\"yoast-schema-graph\">{\"@context\":\"https:\\\/\\\/schema.org\",\"@graph\":[{\"@type\":\"WebPage\",\"@id\":\"https:\\\/\\\/clinicasaory.com\\\/desenvolvimento\\\/agendamento\\\/\",\"url\":\"https:\\\/\\\/clinicasaory.com\\\/desenvolvimento\\\/agendamento\\\/\",\"name\":\"Agendamento - Cl\u00ednica Sa\u00f4ry\",\"isPartOf\":{\"@id\":\"https:\\\/\\\/clinicasaory.com\\\/desenvolvimento\\\/#website\"},\"primaryImageOfPage\":{\"@id\":\"https:\\\/\\\/clinicasaory.com\\\/desenvolvimento\\\/agendamento\\\/#primaryimage\"},\"image\":{\"@id\":\"https:\\\/\\\/clinicasaory.com\\\/desenvolvimento\\\/agendamento\\\/#primaryimage\"},\"thumbnailUrl\":\"https:\\\/\\\/clinicasaory.com\\\/desenvolvimento\\\/wp-content\\\/uploads\\\/2025\\\/03\\\/logonova.png\",\"datePublished\":\"2022-09-22T17:04:03+00:00\",\"dateModified\":\"2026-01-10T15:35:12+00:00\",\"breadcrumb\":{\"@id\":\"https:\\\/\\\/clinicasaory.com\\\/desenvolvimento\\\/agendamento\\\/#breadcrumb\"},\"inLanguage\":\"pt-BR\",\"potentialAction\":[{\"@type\":\"ReadAction\",\"target\":[\"https:\\\/\\\/clinicasaory.com\\\/desenvolvimento\\\/agendamento\\\/\"]}]},{\"@type\":\"ImageObject\",\"inLanguage\":\"pt-BR\",\"@id\":\"https:\\\/\\\/clinicasaory.com\\\/desenvolvimento\\\/agendamento\\\/#primaryimage\",\"url\":\"https:\\\/\\\/clinicasaory.com\\\/desenvolvimento\\\/wp-content\\\/uploads\\\/2025\\\/03\\\/logonova.png\",\"contentUrl\":\"https:\\\/\\\/clinicasaory.com\\\/desenvolvimento\\\/wp-content\\\/uploads\\\/2025\\\/03\\\/logonova.png\",\"width\":792,\"height\":792},{\"@type\":\"BreadcrumbList\",\"@id\":\"https:\\\/\\\/clinicasaory.com\\\/desenvolvimento\\\/agendamento\\\/#breadcrumb\",\"itemListElement\":[{\"@type\":\"ListItem\",\"position\":1,\"name\":\"Home\",\"item\":\"https:\\\/\\\/clinicasaory.com\\\/desenvolvimento\\\/\"},{\"@type\":\"ListItem\",\"position\":2,\"name\":\"Agendamento\"}]},{\"@type\":\"WebSite\",\"@id\":\"https:\\\/\\\/clinicasaory.com\\\/desenvolvimento\\\/#website\",\"url\":\"https:\\\/\\\/clinicasaory.com\\\/desenvolvimento\\\/\",\"name\":\"Cl\u00ednica Sa\u00f4ry\",\"description\":\"Seu bem-estar em primeiro lugar!\",\"publisher\":{\"@id\":\"https:\\\/\\\/clinicasaory.com\\\/desenvolvimento\\\/#organization\"},\"potentialAction\":[{\"@type\":\"SearchAction\",\"target\":{\"@type\":\"EntryPoint\",\"urlTemplate\":\"https:\\\/\\\/clinicasaory.com\\\/desenvolvimento\\\/?s={search_term_string}\"},\"query-input\":{\"@type\":\"PropertyValueSpecification\",\"valueRequired\":true,\"valueName\":\"search_term_string\"}}],\"inLanguage\":\"pt-BR\"},{\"@type\":\"Organization\",\"@id\":\"https:\\\/\\\/clinicasaory.com\\\/desenvolvimento\\\/#organization\",\"name\":\"Cl\u00ednica Sa\u00f4ry\",\"url\":\"https:\\\/\\\/clinicasaory.com\\\/desenvolvimento\\\/\",\"logo\":{\"@type\":\"ImageObject\",\"inLanguage\":\"pt-BR\",\"@id\":\"https:\\\/\\\/clinicasaory.com\\\/desenvolvimento\\\/#\\\/schema\\\/logo\\\/image\\\/\",\"url\":\"https:\\\/\\\/clinicasaory.com\\\/desenvolvimento\\\/wp-content\\\/uploads\\\/2022\\\/09\\\/SAORY-VINHO-2-e1734089525791.png\",\"contentUrl\":\"https:\\\/\\\/clinicasaory.com\\\/desenvolvimento\\\/wp-content\\\/uploads\\\/2022\\\/09\\\/SAORY-VINHO-2-e1734089525791.png\",\"width\":500,\"height\":165,\"caption\":\"Cl\u00ednica Sa\u00f4ry\"},\"image\":{\"@id\":\"https:\\\/\\\/clinicasaory.com\\\/desenvolvimento\\\/#\\\/schema\\\/logo\\\/image\\\/\"}}]}<\/script>\n<!-- \/ Yoast SEO plugin. -->","yoast_head_json":{"title":"Agendamento - Cl\u00ednica Sa\u00f4ry","robots":{"index":"index","follow":"follow","max-snippet":"max-snippet:-1","max-image-preview":"max-image-preview:large","max-video-preview":"max-video-preview:-1"},"canonical":"https:\/\/clinicasaory.com\/desenvolvimento\/agendamento\/","og_locale":"pt_BR","og_type":"article","og_title":"Agendamento - Cl\u00ednica Sa\u00f4ry","og_description":"ABAIXO, AGENDAMENTO DE CONSULTA: Este \u00e9 um espa\u00e7o de cuidado, escuta e acolhimento. Se voc\u00ea est\u00e1 buscando apoio emocional, nossa equipe est\u00e1 pronta para te receber com respeito, empatia e carinho. Escolha seu hor\u00e1rio com calma. Estamos com voc\u00ea. AS ESPECIALISTAS E HOR\u00c1RIOS: Beatriz da Silva CRP\/RJ: 05\/73893\u00a0 Abordagem Centrada na pessoa Segundas &#8211; 09:30h [&hellip;]","og_url":"https:\/\/clinicasaory.com\/desenvolvimento\/agendamento\/","og_site_name":"Cl\u00ednica Sa\u00f4ry","article_modified_time":"2026-01-10T15:35:12+00:00","og_image":[{"width":792,"height":792,"url":"https:\/\/clinicasaory.com\/desenvolvimento\/wp-content\/uploads\/2025\/03\/logonova.png","type":"image\/png"}],"twitter_card":"summary_large_image","twitter_misc":{"Est. tempo de leitura":"2 minutos"},"schema":{"@context":"https:\/\/schema.org","@graph":[{"@type":"WebPage","@id":"https:\/\/clinicasaory.com\/desenvolvimento\/agendamento\/","url":"https:\/\/clinicasaory.com\/desenvolvimento\/agendamento\/","name":"Agendamento - Cl\u00ednica Sa\u00f4ry","isPartOf":{"@id":"https:\/\/clinicasaory.com\/desenvolvimento\/#website"},"primaryImageOfPage":{"@id":"https:\/\/clinicasaory.com\/desenvolvimento\/agendamento\/#primaryimage"},"image":{"@id":"https:\/\/clinicasaory.com\/desenvolvimento\/agendamento\/#primaryimage"},"thumbnailUrl":"https:\/\/clinicasaory.com\/desenvolvimento\/wp-content\/uploads\/2025\/03\/logonova.png","datePublished":"2022-09-22T17:04:03+00:00","dateModified":"2026-01-10T15:35:12+00:00","breadcrumb":{"@id":"https:\/\/clinicasaory.com\/desenvolvimento\/agendamento\/#breadcrumb"},"inLanguage":"pt-BR","potentialAction":[{"@type":"ReadAction","target":["https:\/\/clinicasaory.com\/desenvolvimento\/agendamento\/"]}]},{"@type":"ImageObject","inLanguage":"pt-BR","@id":"https:\/\/clinicasaory.com\/desenvolvimento\/agendamento\/#primaryimage","url":"https:\/\/clinicasaory.com\/desenvolvimento\/wp-content\/uploads\/2025\/03\/logonova.png","contentUrl":"https:\/\/clinicasaory.com\/desenvolvimento\/wp-content\/uploads\/2025\/03\/logonova.png","width":792,"height":792},{"@type":"BreadcrumbList","@id":"https:\/\/clinicasaory.com\/desenvolvimento\/agendamento\/#breadcrumb","itemListElement":[{"@type":"ListItem","position":1,"name":"Home","item":"https:\/\/clinicasaory.com\/desenvolvimento\/"},{"@type":"ListItem","position":2,"name":"Agendamento"}]},{"@type":"WebSite","@id":"https:\/\/clinicasaory.com\/desenvolvimento\/#website","url":"https:\/\/clinicasaory.com\/desenvolvimento\/","name":"Cl\u00ednica Sa\u00f4ry","description":"Seu bem-estar em primeiro lugar!","publisher":{"@id":"https:\/\/clinicasaory.com\/desenvolvimento\/#organization"},"potentialAction":[{"@type":"SearchAction","target":{"@type":"EntryPoint","urlTemplate":"https:\/\/clinicasaory.com\/desenvolvimento\/?s={search_term_string}"},"query-input":{"@type":"PropertyValueSpecification","valueRequired":true,"valueName":"search_term_string"}}],"inLanguage":"pt-BR"},{"@type":"Organization","@id":"https:\/\/clinicasaory.com\/desenvolvimento\/#organization","name":"Cl\u00ednica Sa\u00f4ry","url":"https:\/\/clinicasaory.com\/desenvolvimento\/","logo":{"@type":"ImageObject","inLanguage":"pt-BR","@id":"https:\/\/clinicasaory.com\/desenvolvimento\/#\/schema\/logo\/image\/","url":"https:\/\/clinicasaory.com\/desenvolvimento\/wp-content\/uploads\/2022\/09\/SAORY-VINHO-2-e1734089525791.png","contentUrl":"https:\/\/clinicasaory.com\/desenvolvimento\/wp-content\/uploads\/2022\/09\/SAORY-VINHO-2-e1734089525791.png","width":500,"height":165,"caption":"Cl\u00ednica Sa\u00f4ry"},"image":{"@id":"https:\/\/clinicasaory.com\/desenvolvimento\/#\/schema\/logo\/image\/"}}]}},"_links":{"self":[{"href":"https:\/\/clinicasaory.com\/desenvolvimento\/wp-json\/wp\/v2\/pages\/614","targetHints":{"allow":["GET"]}}],"collection":[{"href":"https:\/\/clinicasaory.com\/desenvolvimento\/wp-json\/wp\/v2\/pages"}],"about":[{"href":"https:\/\/clinicasaory.com\/desenvolvimento\/wp-json\/wp\/v2\/types\/page"}],"author":[{"embeddable":true,"href":"https:\/\/clinicasaory.com\/desenvolvimento\/wp-json\/wp\/v2\/users\/2"}],"replies":[{"embeddable":true,"href":"https:\/\/clinicasaory.com\/desenvolvimento\/wp-json\/wp\/v2\/comments?post=614"}],"version-history":[{"count":121,"href":"https:\/\/clinicasaory.com\/desenvolvimento\/wp-json\/wp\/v2\/pages\/614\/revisions"}],"predecessor-version":[{"id":2733,"href":"https:\/\/clinicasaory.com\/desenvolvimento\/wp-json\/wp\/v2\/pages\/614\/revisions\/2733"}],"wp:featuredmedia":[{"embeddable":true,"href":"https:\/\/clinicasaory.com\/desenvolvimento\/wp-json\/wp\/v2\/media\/2517"}],"wp:attachment":[{"href":"https:\/\/clinicasaory.com\/desenvolvimento\/wp-json\/wp\/v2\/media?parent=614"}],"curies":[{"name":"wp","href":"https:\/\/api.w.org\/{rel}","templated":true}]}}