{"id":2951,"date":"2025-11-05T12:34:58","date_gmt":"2025-11-05T15:34:58","guid":{"rendered":"https:\/\/clinicasaory.com\/desenvolvimento\/?page_id=2951"},"modified":"2025-11-11T10:18:28","modified_gmt":"2025-11-11T13:18:28","slug":"membrosvipsaory","status":"publish","type":"page","link":"https:\/\/clinicasaory.com\/desenvolvimento\/membrosvipsaory\/","title":{"rendered":"Membros Vip Saory"},"content":{"rendered":"<div class=\"swpm-post-not-logged-in-msg\">You need to be logged in to view this content. Por favor <a class=\"swpm-login-link\" href=\"https:\/\/clinicasaory.com\/desenvolvimento\/membership-login\/\">Log In<\/a>. N\u00e3o \u00e9 um membro? <a href=\"https:\/\/clinicasaory.com\/desenvolvimento\/membership-join\/\">Junte-se a n\u00f3s<\/a><\/div>","protected":false},"excerpt":{"rendered":"<p>You need to be logged in to view this content. Por favor Log In. N\u00e3o \u00e9 um membro? Junte-se a n\u00f3s<\/p>\n","protected":false},"author":2,"featured_media":0,"parent":0,"menu_order":0,"comment_status":"closed","ping_status":"closed","template":"elementor_canvas","meta":{"_acf_changed":false,"_joinchat":[],"footnotes":""},"class_list":["post-2951","page","type-page","status-publish","hentry","wpbf-post"],"acf":[],"yoast_head":"<!-- This site is optimized with the Yoast SEO plugin v27.5 - https:\/\/yoast.com\/product\/yoast-seo-wordpress\/ -->\n<title>Membros Vip Saory - Cl\u00ednica Sa\u00f4ry<\/title>\n<meta name=\"robots\" content=\"index, follow, max-snippet:-1, max-image-preview:large, max-video-preview:-1\" \/>\n<link rel=\"canonical\" href=\"https:\/\/clinicasaory.com\/desenvolvimento\/membrosvipsaory\/\" \/>\n<meta property=\"og:locale\" content=\"pt_BR\" \/>\n<meta property=\"og:type\" content=\"article\" \/>\n<meta property=\"og:title\" content=\"Membros Vip Saory - Cl\u00ednica Sa\u00f4ry\" \/>\n<meta property=\"og:description\" content=\"You need to be logged in to view this content. Por favor Log In. N\u00e3o \u00e9 um membro? Junte-se a n\u00f3s\" \/>\n<meta property=\"og:url\" content=\"https:\/\/clinicasaory.com\/desenvolvimento\/membrosvipsaory\/\" \/>\n<meta property=\"og:site_name\" content=\"Cl\u00ednica Sa\u00f4ry\" \/>\n<meta property=\"article:modified_time\" content=\"2025-11-11T13:18:28+00:00\" \/>\n<meta property=\"og:image\" content=\"https:\/\/clinicasaory.com\/desenvolvimento\/wp-content\/uploads\/2025\/11\/1-a-comparacao-silenciosa.png\" \/>\n<meta name=\"twitter:card\" content=\"summary_large_image\" \/>\n<meta name=\"twitter:label1\" content=\"Est. tempo de leitura\" \/>\n\t<meta name=\"twitter:data1\" content=\"5 minutos\" \/>\n<script type=\"application\/ld+json\" class=\"yoast-schema-graph\">{\"@context\":\"https:\\\/\\\/schema.org\",\"@graph\":[{\"@type\":\"WebPage\",\"@id\":\"https:\\\/\\\/clinicasaory.com\\\/desenvolvimento\\\/membrosvipsaory\\\/\",\"url\":\"https:\\\/\\\/clinicasaory.com\\\/desenvolvimento\\\/membrosvipsaory\\\/\",\"name\":\"Membros Vip Saory - Cl\u00ednica Sa\u00f4ry\",\"isPartOf\":{\"@id\":\"https:\\\/\\\/clinicasaory.com\\\/desenvolvimento\\\/#website\"},\"primaryImageOfPage\":{\"@id\":\"https:\\\/\\\/clinicasaory.com\\\/desenvolvimento\\\/membrosvipsaory\\\/#primaryimage\"},\"image\":{\"@id\":\"https:\\\/\\\/clinicasaory.com\\\/desenvolvimento\\\/membrosvipsaory\\\/#primaryimage\"},\"thumbnailUrl\":\"https:\\\/\\\/clinicasaory.com\\\/desenvolvimento\\\/wp-content\\\/uploads\\\/2025\\\/11\\\/1-a-comparacao-silenciosa.png\",\"datePublished\":\"2025-11-05T15:34:58+00:00\",\"dateModified\":\"2025-11-11T13:18:28+00:00\",\"breadcrumb\":{\"@id\":\"https:\\\/\\\/clinicasaory.com\\\/desenvolvimento\\\/membrosvipsaory\\\/#breadcrumb\"},\"inLanguage\":\"pt-BR\",\"potentialAction\":[{\"@type\":\"ReadAction\",\"target\":[\"https:\\\/\\\/clinicasaory.com\\\/desenvolvimento\\\/membrosvipsaory\\\/\"]}]},{\"@type\":\"ImageObject\",\"inLanguage\":\"pt-BR\",\"@id\":\"https:\\\/\\\/clinicasaory.com\\\/desenvolvimento\\\/membrosvipsaory\\\/#primaryimage\",\"url\":\"https:\\\/\\\/clinicasaory.com\\\/desenvolvimento\\\/wp-content\\\/uploads\\\/2025\\\/11\\\/1-a-comparacao-silenciosa.png\",\"contentUrl\":\"https:\\\/\\\/clinicasaory.com\\\/desenvolvimento\\\/wp-content\\\/uploads\\\/2025\\\/11\\\/1-a-comparacao-silenciosa.png\",\"width\":801,\"height\":582},{\"@type\":\"BreadcrumbList\",\"@id\":\"https:\\\/\\\/clinicasaory.com\\\/desenvolvimento\\\/membrosvipsaory\\\/#breadcrumb\",\"itemListElement\":[{\"@type\":\"ListItem\",\"position\":1,\"name\":\"Home\",\"item\":\"https:\\\/\\\/clinicasaory.com\\\/desenvolvimento\\\/\"},{\"@type\":\"ListItem\",\"position\":2,\"name\":\"Membros Vip Saory\"}]},{\"@type\":\"WebSite\",\"@id\":\"https:\\\/\\\/clinicasaory.com\\\/desenvolvimento\\\/#website\",\"url\":\"https:\\\/\\\/clinicasaory.com\\\/desenvolvimento\\\/\",\"name\":\"Cl\u00ednica Sa\u00f4ry\",\"description\":\"Seu bem-estar em primeiro lugar!\",\"publisher\":{\"@id\":\"https:\\\/\\\/clinicasaory.com\\\/desenvolvimento\\\/#organization\"},\"potentialAction\":[{\"@type\":\"SearchAction\",\"target\":{\"@type\":\"EntryPoint\",\"urlTemplate\":\"https:\\\/\\\/clinicasaory.com\\\/desenvolvimento\\\/?s={search_term_string}\"},\"query-input\":{\"@type\":\"PropertyValueSpecification\",\"valueRequired\":true,\"valueName\":\"search_term_string\"}}],\"inLanguage\":\"pt-BR\"},{\"@type\":\"Organization\",\"@id\":\"https:\\\/\\\/clinicasaory.com\\\/desenvolvimento\\\/#organization\",\"name\":\"Cl\u00ednica Sa\u00f4ry\",\"url\":\"https:\\\/\\\/clinicasaory.com\\\/desenvolvimento\\\/\",\"logo\":{\"@type\":\"ImageObject\",\"inLanguage\":\"pt-BR\",\"@id\":\"https:\\\/\\\/clinicasaory.com\\\/desenvolvimento\\\/#\\\/schema\\\/logo\\\/image\\\/\",\"url\":\"https:\\\/\\\/clinicasaory.com\\\/desenvolvimento\\\/wp-content\\\/uploads\\\/2022\\\/09\\\/SAORY-VINHO-2-e1734089525791.png\",\"contentUrl\":\"https:\\\/\\\/clinicasaory.com\\\/desenvolvimento\\\/wp-content\\\/uploads\\\/2022\\\/09\\\/SAORY-VINHO-2-e1734089525791.png\",\"width\":500,\"height\":165,\"caption\":\"Cl\u00ednica Sa\u00f4ry\"},\"image\":{\"@id\":\"https:\\\/\\\/clinicasaory.com\\\/desenvolvimento\\\/#\\\/schema\\\/logo\\\/image\\\/\"}}]}<\/script>\n<!-- \/ Yoast SEO plugin. -->","yoast_head_json":{"title":"Membros Vip Saory - Cl\u00ednica Sa\u00f4ry","robots":{"index":"index","follow":"follow","max-snippet":"max-snippet:-1","max-image-preview":"max-image-preview:large","max-video-preview":"max-video-preview:-1"},"canonical":"https:\/\/clinicasaory.com\/desenvolvimento\/membrosvipsaory\/","og_locale":"pt_BR","og_type":"article","og_title":"Membros Vip Saory - Cl\u00ednica Sa\u00f4ry","og_description":"You need to be logged in to view this content. Por favor Log In. N\u00e3o \u00e9 um membro? Junte-se a n\u00f3s","og_url":"https:\/\/clinicasaory.com\/desenvolvimento\/membrosvipsaory\/","og_site_name":"Cl\u00ednica Sa\u00f4ry","article_modified_time":"2025-11-11T13:18:28+00:00","og_image":[{"url":"https:\/\/clinicasaory.com\/desenvolvimento\/wp-content\/uploads\/2025\/11\/1-a-comparacao-silenciosa.png","type":"","width":"","height":""}],"twitter_card":"summary_large_image","twitter_misc":{"Est. tempo de leitura":"5 minutos"},"schema":{"@context":"https:\/\/schema.org","@graph":[{"@type":"WebPage","@id":"https:\/\/clinicasaory.com\/desenvolvimento\/membrosvipsaory\/","url":"https:\/\/clinicasaory.com\/desenvolvimento\/membrosvipsaory\/","name":"Membros Vip Saory - Cl\u00ednica Sa\u00f4ry","isPartOf":{"@id":"https:\/\/clinicasaory.com\/desenvolvimento\/#website"},"primaryImageOfPage":{"@id":"https:\/\/clinicasaory.com\/desenvolvimento\/membrosvipsaory\/#primaryimage"},"image":{"@id":"https:\/\/clinicasaory.com\/desenvolvimento\/membrosvipsaory\/#primaryimage"},"thumbnailUrl":"https:\/\/clinicasaory.com\/desenvolvimento\/wp-content\/uploads\/2025\/11\/1-a-comparacao-silenciosa.png","datePublished":"2025-11-05T15:34:58+00:00","dateModified":"2025-11-11T13:18:28+00:00","breadcrumb":{"@id":"https:\/\/clinicasaory.com\/desenvolvimento\/membrosvipsaory\/#breadcrumb"},"inLanguage":"pt-BR","potentialAction":[{"@type":"ReadAction","target":["https:\/\/clinicasaory.com\/desenvolvimento\/membrosvipsaory\/"]}]},{"@type":"ImageObject","inLanguage":"pt-BR","@id":"https:\/\/clinicasaory.com\/desenvolvimento\/membrosvipsaory\/#primaryimage","url":"https:\/\/clinicasaory.com\/desenvolvimento\/wp-content\/uploads\/2025\/11\/1-a-comparacao-silenciosa.png","contentUrl":"https:\/\/clinicasaory.com\/desenvolvimento\/wp-content\/uploads\/2025\/11\/1-a-comparacao-silenciosa.png","width":801,"height":582},{"@type":"BreadcrumbList","@id":"https:\/\/clinicasaory.com\/desenvolvimento\/membrosvipsaory\/#breadcrumb","itemListElement":[{"@type":"ListItem","position":1,"name":"Home","item":"https:\/\/clinicasaory.com\/desenvolvimento\/"},{"@type":"ListItem","position":2,"name":"Membros Vip Saory"}]},{"@type":"WebSite","@id":"https:\/\/clinicasaory.com\/desenvolvimento\/#website","url":"https:\/\/clinicasaory.com\/desenvolvimento\/","name":"Cl\u00ednica Sa\u00f4ry","description":"Seu bem-estar em primeiro lugar!","publisher":{"@id":"https:\/\/clinicasaory.com\/desenvolvimento\/#organization"},"potentialAction":[{"@type":"SearchAction","target":{"@type":"EntryPoint","urlTemplate":"https:\/\/clinicasaory.com\/desenvolvimento\/?s={search_term_string}"},"query-input":{"@type":"PropertyValueSpecification","valueRequired":true,"valueName":"search_term_string"}}],"inLanguage":"pt-BR"},{"@type":"Organization","@id":"https:\/\/clinicasaory.com\/desenvolvimento\/#organization","name":"Cl\u00ednica Sa\u00f4ry","url":"https:\/\/clinicasaory.com\/desenvolvimento\/","logo":{"@type":"ImageObject","inLanguage":"pt-BR","@id":"https:\/\/clinicasaory.com\/desenvolvimento\/#\/schema\/logo\/image\/","url":"https:\/\/clinicasaory.com\/desenvolvimento\/wp-content\/uploads\/2022\/09\/SAORY-VINHO-2-e1734089525791.png","contentUrl":"https:\/\/clinicasaory.com\/desenvolvimento\/wp-content\/uploads\/2022\/09\/SAORY-VINHO-2-e1734089525791.png","width":500,"height":165,"caption":"Cl\u00ednica Sa\u00f4ry"},"image":{"@id":"https:\/\/clinicasaory.com\/desenvolvimento\/#\/schema\/logo\/image\/"}}]}},"_links":{"self":[{"href":"https:\/\/clinicasaory.com\/desenvolvimento\/wp-json\/wp\/v2\/pages\/2951","targetHints":{"allow":["GET"]}}],"collection":[{"href":"https:\/\/clinicasaory.com\/desenvolvimento\/wp-json\/wp\/v2\/pages"}],"about":[{"href":"https:\/\/clinicasaory.com\/desenvolvimento\/wp-json\/wp\/v2\/types\/page"}],"author":[{"embeddable":true,"href":"https:\/\/clinicasaory.com\/desenvolvimento\/wp-json\/wp\/v2\/users\/2"}],"replies":[{"embeddable":true,"href":"https:\/\/clinicasaory.com\/desenvolvimento\/wp-json\/wp\/v2\/comments?post=2951"}],"version-history":[{"count":27,"href":"https:\/\/clinicasaory.com\/desenvolvimento\/wp-json\/wp\/v2\/pages\/2951\/revisions"}],"predecessor-version":[{"id":3024,"href":"https:\/\/clinicasaory.com\/desenvolvimento\/wp-json\/wp\/v2\/pages\/2951\/revisions\/3024"}],"wp:attachment":[{"href":"https:\/\/clinicasaory.com\/desenvolvimento\/wp-json\/wp\/v2\/media?parent=2951"}],"curies":[{"name":"wp","href":"https:\/\/api.w.org\/{rel}","templated":true}]}}