{"id":267,"date":"2022-09-19T16:29:43","date_gmt":"2022-09-19T16:29:43","guid":{"rendered":"https:\/\/clinicasaory.com\/desenvolvimento\/?page_id=267"},"modified":"2026-01-25T17:36:51","modified_gmt":"2026-01-25T20:36:51","slug":"cadastro","status":"publish","type":"page","link":"https:\/\/clinicasaory.com\/desenvolvimento\/cadastro\/","title":{"rendered":"Cadastro"},"content":{"rendered":"\t\t<div data-elementor-type=\"wp-page\" data-elementor-id=\"267\" class=\"elementor elementor-267\" data-elementor-settings=\"{&quot;ha_cmc_init_switcher&quot;:&quot;no&quot;}\" data-elementor-post-type=\"page\">\n\t\t\t\t\t\t<section data-exad-particle-enable=\"false\" class=\"elementor-section elementor-top-section elementor-element elementor-element-53c6a3a elementor-section-boxed elementor-section-height-default elementor-section-height-default exad-parallax-effect-no exad-background-color-change-no exad-glass-effect-no exad-sticky-section-no\" data-id=\"53c6a3a\" data-element_type=\"section\" data-e-type=\"section\" data-settings=\"{&quot;background_background&quot;:&quot;classic&quot;,&quot;_ha_eqh_enable&quot;:false}\">\n\t\t\t\t\t\t<div class=\"elementor-container elementor-column-gap-default\">\n\t\t\t\t\t<div class=\"elementor-column elementor-col-100 elementor-top-column elementor-element elementor-element-44a8bca exad-glass-effect-no exad-sticky-section-no\" data-id=\"44a8bca\" data-element_type=\"column\" data-e-type=\"column\">\n\t\t\t<div class=\"elementor-widget-wrap elementor-element-populated\">\n\t\t\t\t\t\t<section data-exad-particle-enable=\"false\" class=\"elementor-section elementor-inner-section elementor-element elementor-element-bf54c10 elementor-section-height-min-height elementor-section-boxed elementor-section-height-default exad-parallax-effect-no exad-background-color-change-no exad-glass-effect-no exad-sticky-section-no\" data-id=\"bf54c10\" data-element_type=\"section\" data-e-type=\"section\" data-settings=\"{&quot;_ha_eqh_enable&quot;:false}\">\n\t\t\t\t\t\t<div class=\"elementor-container elementor-column-gap-default\">\n\t\t\t\t\t<div class=\"elementor-column elementor-col-100 elementor-inner-column elementor-element elementor-element-2763d8c exad-glass-effect-no exad-sticky-section-no\" data-id=\"2763d8c\" data-element_type=\"column\" data-e-type=\"column\">\n\t\t\t<div class=\"elementor-widget-wrap elementor-element-populated\">\n\t\t\t\t\t\t<div class=\"elementor-element elementor-element-c6b4997 elementor-widget__width-auto exad-sticky-section-no exad-glass-effect-no elementor-widget elementor-widget-heading\" data-id=\"c6b4997\" data-element_type=\"widget\" data-e-type=\"widget\" data-widget_type=\"heading.default\">\n\t\t\t\t<div class=\"elementor-widget-container\">\n\t\t\t\t\t<h2 class=\"elementor-heading-title elementor-size-default\">Fa\u00e7a parte da <strong> nossa equipe!<\/strong><\/h2>\t\t\t\t<\/div>\n\t\t\t\t<\/div>\n\t\t\t\t<div class=\"elementor-element elementor-element-fe20775 elementor-align-center exad-sticky-section-no exad-glass-effect-no elementor-widget elementor-widget-button\" data-id=\"fe20775\" data-element_type=\"widget\" data-e-type=\"widget\" data-widget_type=\"button.default\">\n\t\t\t\t<div class=\"elementor-widget-container\">\n\t\t\t\t\t\t\t\t\t<div class=\"elementor-button-wrapper\">\n\t\t\t\t\t<a class=\"elementor-button elementor-button-link elementor-size-sm\" href=\"https:\/\/clinicasaory.com\/desenvolvimento\/planos\/\">\n\t\t\t\t\t\t<span class=\"elementor-button-content-wrapper\">\n\t\t\t\t\t\t\t\t\t<span class=\"elementor-button-text\">Conhe\u00e7a nossos planos aqui!<\/span>\n\t\t\t\t\t<\/span>\n\t\t\t\t\t<\/a>\n\t\t\t\t<\/div>\n\t\t\t\t\t\t\t\t<\/div>\n\t\t\t\t<\/div>\n\t\t\t\t\t<\/div>\n\t\t<\/div>\n\t\t\t\t\t<\/div>\n\t\t<\/section>\n\t\t\t\t\t<\/div>\n\t\t<\/div>\n\t\t\t\t\t<\/div>\n\t\t<\/section>\n\t\t\t\t<section data-exad-particle-enable=\"false\" class=\"elementor-section elementor-top-section elementor-element elementor-element-05c1b56 elementor-section-boxed elementor-section-height-default elementor-section-height-default exad-parallax-effect-no exad-background-color-change-no exad-glass-effect-no exad-sticky-section-no\" data-id=\"05c1b56\" data-element_type=\"section\" data-e-type=\"section\" data-settings=\"{&quot;_ha_eqh_enable&quot;:false}\">\n\t\t\t\t\t\t<div class=\"elementor-container elementor-column-gap-default\">\n\t\t\t\t\t<div class=\"elementor-column elementor-col-100 elementor-top-column elementor-element elementor-element-3f1c44e exad-glass-effect-no exad-sticky-section-no\" data-id=\"3f1c44e\" data-element_type=\"column\" data-e-type=\"column\">\n\t\t\t<div class=\"elementor-widget-wrap elementor-element-populated\">\n\t\t\t\t\t\t<div class=\"elementor-element elementor-element-8a9b154 exad-sticky-section-no exad-glass-effect-no elementor-widget elementor-widget-heading\" data-id=\"8a9b154\" data-element_type=\"widget\" data-e-type=\"widget\" data-widget_type=\"heading.default\">\n\t\t\t\t<div class=\"elementor-widget-container\">\n\t\t\t\t\t<h2 class=\"elementor-heading-title elementor-size-default\">Informe os seus dados conforme abaixo: Analisaremos e lhe retornaremos atrav\u00e9s de e-mail para contratos e demais informa\u00e7\u00f5es.<\/h2>\t\t\t\t<\/div>\n\t\t\t\t<\/div>\n\t\t\t\t\t<\/div>\n\t\t<\/div>\n\t\t\t\t\t<\/div>\n\t\t<\/section>\n\t\t\t\t<section data-exad-particle-enable=\"false\" class=\"elementor-section elementor-top-section elementor-element elementor-element-edb29f9 elementor-section-boxed elementor-section-height-default elementor-section-height-default exad-parallax-effect-no exad-background-color-change-no exad-glass-effect-no exad-sticky-section-no\" data-id=\"edb29f9\" data-element_type=\"section\" data-e-type=\"section\" data-settings=\"{&quot;_ha_eqh_enable&quot;:false}\">\n\t\t\t\t\t\t<div class=\"elementor-container elementor-column-gap-default\">\n\t\t\t\t\t<div class=\"elementor-column elementor-col-100 elementor-top-column elementor-element elementor-element-90dd063 exad-glass-effect-no exad-sticky-section-no\" data-id=\"90dd063\" data-element_type=\"column\" data-e-type=\"column\">\n\t\t\t<div class=\"elementor-widget-wrap elementor-element-populated\">\n\t\t\t\t\t\t<section data-exad-particle-enable=\"false\" class=\"elementor-section elementor-inner-section elementor-element elementor-element-8d53fad elementor-section-boxed elementor-section-height-default elementor-section-height-default exad-parallax-effect-no exad-background-color-change-no exad-glass-effect-no exad-sticky-section-no\" data-id=\"8d53fad\" data-element_type=\"section\" data-e-type=\"section\" data-settings=\"{&quot;_ha_eqh_enable&quot;:false}\">\n\t\t\t\t\t\t<div class=\"elementor-container elementor-column-gap-default\">\n\t\t\t\t\t<div class=\"elementor-column elementor-col-100 elementor-inner-column elementor-element elementor-element-02e0744 exad-glass-effect-no exad-sticky-section-no\" data-id=\"02e0744\" data-element_type=\"column\" data-e-type=\"column\">\n\t\t\t<div class=\"elementor-widget-wrap elementor-element-populated\">\n\t\t\t\t\t\t<div class=\"elementor-element elementor-element-fbb70c1 elementor-button-align-end elementor-mobile-button-align-center exad-sticky-section-no exad-glass-effect-no elementor-widget elementor-widget-form\" data-id=\"fbb70c1\" data-element_type=\"widget\" data-e-type=\"widget\" data-settings=\"{&quot;step_next_label&quot;:&quot;Next&quot;,&quot;step_previous_label&quot;:&quot;Previous&quot;,&quot;button_width&quot;:&quot;100&quot;,&quot;step_type&quot;:&quot;number_text&quot;,&quot;step_icon_shape&quot;:&quot;circle&quot;}\" data-widget_type=\"form.default\">\n\t\t\t\t<div class=\"elementor-widget-container\">\n\t\t\t\t\t\t\t<form class=\"elementor-form\" method=\"post\" name=\"New Form\" aria-label=\"New Form\">\r\n\t\t\t<input type=\"hidden\" name=\"post_id\" value=\"267\"\/>\r\n\t\t\t<input type=\"hidden\" name=\"form_id\" value=\"fbb70c1\"\/>\r\n\t\t\t<input type=\"hidden\" name=\"referer_title\" value=\"Cl\u00ednica Sa\u00f4ry\" \/>\r\n\r\n\t\t\t\r\n\t\t\t<div class=\"elementor-form-fields-wrapper elementor-labels-above\">\r\n\t\t\t\t\t\t\t\t<div class=\"elementor-field-type-text elementor-field-group elementor-column elementor-field-group-name elementor-col-75 elementor-field-required elementor-mark-required\">\r\n\t\t\t\t\t\t\t\t\t\t\t\t<label for=\"form-field-name\" class=\"elementor-field-label\">\r\n\t\t\t\t\t\t\t\tNome\t\t\t\t\t\t\t<\/label>\r\n\t\t\t\t\t\t\t\t\t\t\t\t\t\t<input size=\"1\" type=\"text\" name=\"form_fields[name]\" id=\"form-field-name\" class=\"elementor-field elementor-size-xs  elementor-field-textual\" required=\"required\">\r\n\t\t\t\t\t\t\t\t\t\t\t<\/div>\r\n\t\t\t\t\t\t\t\t<div class=\"elementor-field-type-date elementor-field-group elementor-column elementor-field-group-field_a69fc16 elementor-col-20 elementor-field-required elementor-mark-required\">\r\n\t\t\t\t\t\t\t\t\t\t\t\t<label for=\"form-field-field_a69fc16\" class=\"elementor-field-label\">\r\n\t\t\t\t\t\t\t\tData de Nascimento\t\t\t\t\t\t\t<\/label>\r\n\t\t\t\t\t\t\r\n\t\t<input type=\"date\" name=\"form_fields[field_a69fc16]\" id=\"form-field-field_a69fc16\" class=\"elementor-field elementor-size-xs  elementor-field-textual elementor-date-field\" value=\"19\/09\/2022\" required=\"required\" pattern=\"[0-9]{4}-[0-9]{2}-[0-9]{2}\">\r\n\t\t\t\t\t\t<\/div>\r\n\t\t\t\t\t\t\t\t<div class=\"elementor-field-type-text elementor-field-group elementor-column elementor-field-group-field_8466df0 elementor-col-75 elementor-field-required elementor-mark-required\">\r\n\t\t\t\t\t\t\t\t\t\t\t\t<label for=\"form-field-field_8466df0\" class=\"elementor-field-label\">\r\n\t\t\t\t\t\t\t\tEndere\u00e7o\t\t\t\t\t\t\t<\/label>\r\n\t\t\t\t\t\t\t\t\t\t\t\t\t\t<input size=\"1\" type=\"text\" name=\"form_fields[field_8466df0]\" id=\"form-field-field_8466df0\" class=\"elementor-field elementor-size-xs  elementor-field-textual\" required=\"required\">\r\n\t\t\t\t\t\t\t\t\t\t\t<\/div>\r\n\t\t\t\t\t\t\t\t<div class=\"elementor-field-type-tel elementor-field-group elementor-column elementor-field-group-field_aebd70e elementor-col-20 elementor-field-required elementor-mark-required\">\r\n\t\t\t\t\t\t\t\t\t\t\t\t<label for=\"form-field-field_aebd70e\" class=\"elementor-field-label\">\r\n\t\t\t\t\t\t\t\tTelefone\t\t\t\t\t\t\t<\/label>\r\n\t\t\t\t\t\t\t\t<input size=\"1\" type=\"tel\" name=\"form_fields[field_aebd70e]\" id=\"form-field-field_aebd70e\" class=\"elementor-field elementor-size-xs  elementor-field-textual\" required=\"required\" pattern=\"[0-9()#&amp;+*-=.]+\" title=\"Only numbers and phone characters (#, -, *, etc) are accepted.\">\r\n\r\n\t\t\t\t\t\t<\/div>\r\n\t\t\t\t\t\t\t\t<div class=\"elementor-field-type-email elementor-field-group elementor-column elementor-field-group-field_9c0b8d6 elementor-col-50 elementor-field-required elementor-mark-required\">\r\n\t\t\t\t\t\t\t\t\t\t\t\t<label for=\"form-field-field_9c0b8d6\" class=\"elementor-field-label\">\r\n\t\t\t\t\t\t\t\tE-mail\t\t\t\t\t\t\t<\/label>\r\n\t\t\t\t\t\t\t\t\t\t\t\t\t\t<input size=\"1\" type=\"email\" name=\"form_fields[field_9c0b8d6]\" id=\"form-field-field_9c0b8d6\" class=\"elementor-field elementor-size-xs  elementor-field-textual\" required=\"required\">\r\n\t\t\t\t\t\t\t\t\t\t\t<\/div>\r\n\t\t\t\t\t\t\t\t<div class=\"elementor-field-type-text elementor-field-group elementor-column elementor-field-group-field_40dc9cb elementor-col-20 elementor-field-required elementor-mark-required\">\r\n\t\t\t\t\t\t\t\t\t\t\t\t<label for=\"form-field-field_40dc9cb\" class=\"elementor-field-label\">\r\n\t\t\t\t\t\t\t\tCPF\t\t\t\t\t\t\t<\/label>\r\n\t\t\t\t\t\t\t\t\t\t\t\t\t\t<input size=\"1\" type=\"text\" name=\"form_fields[field_40dc9cb]\" id=\"form-field-field_40dc9cb\" class=\"elementor-field elementor-size-xs  elementor-field-textual\" required=\"required\">\r\n\t\t\t\t\t\t\t\t\t\t\t<\/div>\r\n\t\t\t\t\t\t\t\t<div class=\"elementor-field-type-textarea elementor-field-group elementor-column elementor-field-group-field_41054b0 elementor-col-100 elementor-field-required elementor-mark-required\">\r\n\t\t\t\t\t\t\t\t\t\t\t\t<label for=\"form-field-field_41054b0\" class=\"elementor-field-label\">\r\n\t\t\t\t\t\t\t\tExperi\u00eancias \/ Abordagens \/ CRP\t\t\t\t\t\t\t<\/label>\r\n\t\t\t\t\t\t<textarea class=\"elementor-field-textual elementor-field  elementor-size-xs\" name=\"form_fields[field_41054b0]\" id=\"form-field-field_41054b0\" rows=\"4\" required=\"required\"><\/textarea>\t\t\t\t<\/div>\r\n\t\t\t\t\t\t\t\t<div class=\"elementor-field-type-upload elementor-field-group elementor-column elementor-field-group-field_3c2daa2 elementor-col-50 elementor-field-required elementor-mark-required\">\r\n\t\t\t\t\t\t\t\t\t\t\t\t<label for=\"form-field-field_3c2daa2\" class=\"elementor-field-label\">\r\n\t\t\t\t\t\t\t\tAnexar o seu Curr\u00edculum Vitae para an\u00e1lise\t\t\t\t\t\t\t<\/label>\r\n\t\t\t\t\t\t\t\t<input type=\"file\" name=\"form_fields[field_3c2daa2]\" id=\"form-field-field_3c2daa2\" class=\"elementor-field elementor-size-xs  elementor-upload-field\" required=\"required\" data-maxsize=\"3\" data-maxsize-message=\"This file exceeds the maximum allowed size.\">\r\n\r\n\t\t\t\t\t\t<\/div>\r\n\t\t\t\t\t\t\t\t<div class=\"elementor-field-type-upload elementor-field-group elementor-column elementor-field-group-field_e5c780d elementor-col-50\">\r\n\t\t\t\t\t\t\t\t\t\t\t\t<label for=\"form-field-field_e5c780d\" class=\"elementor-field-label\">\r\n\t\t\t\t\t\t\t\tAnexar uma foto. ( jpeg, png, gif) At\u00e9 5Mb.\t\t\t\t\t\t\t<\/label>\r\n\t\t\t\t\t\t\t\t<input type=\"file\" name=\"form_fields[field_e5c780d]\" id=\"form-field-field_e5c780d\" class=\"elementor-field elementor-size-xs  elementor-upload-field\" data-maxsize=\"5\" data-maxsize-message=\"This file exceeds the maximum allowed size.\">\r\n\r\n\t\t\t\t\t\t<\/div>\r\n\t\t\t\t\t\t\t\t<div class=\"elementor-field-group elementor-column elementor-field-type-submit elementor-col-100 e-form__buttons\">\r\n\t\t\t\t\t<button class=\"elementor-button elementor-size-sm\" type=\"submit\">\r\n\t\t\t\t\t\t<span class=\"elementor-button-content-wrapper\">\r\n\t\t\t\t\t\t\t\t\t\t\t\t\t\t\t\t\t\t\t\t\t\t<span class=\"elementor-button-text\">Enviar formul\u00e1rio<\/span>\r\n\t\t\t\t\t\t\t\t\t\t\t\t\t<\/span>\r\n\t\t\t\t\t<\/button>\r\n\t\t\t\t<\/div>\r\n\t\t\t<\/div>\r\n\t\t<\/form>\r\n\t\t\t\t\t\t<\/div>\n\t\t\t\t<\/div>\n\t\t\t\t\t<\/div>\n\t\t<\/div>\n\t\t\t\t\t<\/div>\n\t\t<\/section>\n\t\t\t\t\t<\/div>\n\t\t<\/div>\n\t\t\t\t\t<\/div>\n\t\t<\/section>\n\t\t\t\t<\/div>\n\t\t","protected":false},"excerpt":{"rendered":"<p>Fa\u00e7a parte da nossa equipe! Conhe\u00e7a nossos planos aqui! Informe os seus dados conforme abaixo: Analisaremos e lhe retornaremos atrav\u00e9s de e-mail para contratos e demais informa\u00e7\u00f5es.<\/p>\n","protected":false},"author":2,"featured_media":0,"parent":0,"menu_order":0,"comment_status":"closed","ping_status":"closed","template":"elementor_header_footer","meta":{"_acf_changed":false,"_joinchat":[],"footnotes":""},"class_list":["post-267","page","type-page","status-publish","hentry","wpbf-post"],"acf":[],"yoast_head":"<!-- This site is optimized with the Yoast SEO plugin v27.4 - https:\/\/yoast.com\/product\/yoast-seo-wordpress\/ -->\n<title>Cadastro - Cl\u00ednica Sa\u00f4ry<\/title>\n<meta name=\"robots\" content=\"index, follow, max-snippet:-1, max-image-preview:large, max-video-preview:-1\" \/>\n<link rel=\"canonical\" href=\"https:\/\/clinicasaory.com\/desenvolvimento\/cadastro\/\" \/>\n<meta property=\"og:locale\" content=\"pt_BR\" \/>\n<meta property=\"og:type\" content=\"article\" \/>\n<meta property=\"og:title\" content=\"Cadastro - Cl\u00ednica Sa\u00f4ry\" \/>\n<meta property=\"og:description\" content=\"Fa\u00e7a parte da nossa equipe! Conhe\u00e7a nossos planos aqui! Informe os seus dados conforme abaixo: Analisaremos e lhe retornaremos atrav\u00e9s de e-mail para contratos e demais informa\u00e7\u00f5es.\" \/>\n<meta property=\"og:url\" content=\"https:\/\/clinicasaory.com\/desenvolvimento\/cadastro\/\" \/>\n<meta property=\"og:site_name\" content=\"Cl\u00ednica Sa\u00f4ry\" \/>\n<meta property=\"article:modified_time\" content=\"2026-01-25T20:36:51+00:00\" \/>\n<meta name=\"twitter:card\" content=\"summary_large_image\" \/>\n<meta name=\"twitter:label1\" content=\"Est. tempo de leitura\" \/>\n\t<meta name=\"twitter:data1\" content=\"1 minuto\" \/>\n<script type=\"application\/ld+json\" class=\"yoast-schema-graph\">{\"@context\":\"https:\\\/\\\/schema.org\",\"@graph\":[{\"@type\":\"WebPage\",\"@id\":\"https:\\\/\\\/clinicasaory.com\\\/desenvolvimento\\\/cadastro\\\/\",\"url\":\"https:\\\/\\\/clinicasaory.com\\\/desenvolvimento\\\/cadastro\\\/\",\"name\":\"Cadastro - Cl\u00ednica Sa\u00f4ry\",\"isPartOf\":{\"@id\":\"https:\\\/\\\/clinicasaory.com\\\/desenvolvimento\\\/#website\"},\"datePublished\":\"2022-09-19T16:29:43+00:00\",\"dateModified\":\"2026-01-25T20:36:51+00:00\",\"breadcrumb\":{\"@id\":\"https:\\\/\\\/clinicasaory.com\\\/desenvolvimento\\\/cadastro\\\/#breadcrumb\"},\"inLanguage\":\"pt-BR\",\"potentialAction\":[{\"@type\":\"ReadAction\",\"target\":[\"https:\\\/\\\/clinicasaory.com\\\/desenvolvimento\\\/cadastro\\\/\"]}]},{\"@type\":\"BreadcrumbList\",\"@id\":\"https:\\\/\\\/clinicasaory.com\\\/desenvolvimento\\\/cadastro\\\/#breadcrumb\",\"itemListElement\":[{\"@type\":\"ListItem\",\"position\":1,\"name\":\"Home\",\"item\":\"https:\\\/\\\/clinicasaory.com\\\/desenvolvimento\\\/\"},{\"@type\":\"ListItem\",\"position\":2,\"name\":\"Cadastro\"}]},{\"@type\":\"WebSite\",\"@id\":\"https:\\\/\\\/clinicasaory.com\\\/desenvolvimento\\\/#website\",\"url\":\"https:\\\/\\\/clinicasaory.com\\\/desenvolvimento\\\/\",\"name\":\"Cl\u00ednica Sa\u00f4ry\",\"description\":\"Seu bem-estar em primeiro lugar!\",\"publisher\":{\"@id\":\"https:\\\/\\\/clinicasaory.com\\\/desenvolvimento\\\/#organization\"},\"potentialAction\":[{\"@type\":\"SearchAction\",\"target\":{\"@type\":\"EntryPoint\",\"urlTemplate\":\"https:\\\/\\\/clinicasaory.com\\\/desenvolvimento\\\/?s={search_term_string}\"},\"query-input\":{\"@type\":\"PropertyValueSpecification\",\"valueRequired\":true,\"valueName\":\"search_term_string\"}}],\"inLanguage\":\"pt-BR\"},{\"@type\":\"Organization\",\"@id\":\"https:\\\/\\\/clinicasaory.com\\\/desenvolvimento\\\/#organization\",\"name\":\"Cl\u00ednica Sa\u00f4ry\",\"url\":\"https:\\\/\\\/clinicasaory.com\\\/desenvolvimento\\\/\",\"logo\":{\"@type\":\"ImageObject\",\"inLanguage\":\"pt-BR\",\"@id\":\"https:\\\/\\\/clinicasaory.com\\\/desenvolvimento\\\/#\\\/schema\\\/logo\\\/image\\\/\",\"url\":\"https:\\\/\\\/clinicasaory.com\\\/desenvolvimento\\\/wp-content\\\/uploads\\\/2022\\\/09\\\/SAORY-VINHO-2-e1734089525791.png\",\"contentUrl\":\"https:\\\/\\\/clinicasaory.com\\\/desenvolvimento\\\/wp-content\\\/uploads\\\/2022\\\/09\\\/SAORY-VINHO-2-e1734089525791.png\",\"width\":500,\"height\":165,\"caption\":\"Cl\u00ednica Sa\u00f4ry\"},\"image\":{\"@id\":\"https:\\\/\\\/clinicasaory.com\\\/desenvolvimento\\\/#\\\/schema\\\/logo\\\/image\\\/\"}}]}<\/script>\n<!-- \/ Yoast SEO plugin. -->","yoast_head_json":{"title":"Cadastro - Cl\u00ednica Sa\u00f4ry","robots":{"index":"index","follow":"follow","max-snippet":"max-snippet:-1","max-image-preview":"max-image-preview:large","max-video-preview":"max-video-preview:-1"},"canonical":"https:\/\/clinicasaory.com\/desenvolvimento\/cadastro\/","og_locale":"pt_BR","og_type":"article","og_title":"Cadastro - Cl\u00ednica Sa\u00f4ry","og_description":"Fa\u00e7a parte da nossa equipe! Conhe\u00e7a nossos planos aqui! Informe os seus dados conforme abaixo: Analisaremos e lhe retornaremos atrav\u00e9s de e-mail para contratos e demais informa\u00e7\u00f5es.","og_url":"https:\/\/clinicasaory.com\/desenvolvimento\/cadastro\/","og_site_name":"Cl\u00ednica Sa\u00f4ry","article_modified_time":"2026-01-25T20:36:51+00:00","twitter_card":"summary_large_image","twitter_misc":{"Est. tempo de leitura":"1 minuto"},"schema":{"@context":"https:\/\/schema.org","@graph":[{"@type":"WebPage","@id":"https:\/\/clinicasaory.com\/desenvolvimento\/cadastro\/","url":"https:\/\/clinicasaory.com\/desenvolvimento\/cadastro\/","name":"Cadastro - Cl\u00ednica Sa\u00f4ry","isPartOf":{"@id":"https:\/\/clinicasaory.com\/desenvolvimento\/#website"},"datePublished":"2022-09-19T16:29:43+00:00","dateModified":"2026-01-25T20:36:51+00:00","breadcrumb":{"@id":"https:\/\/clinicasaory.com\/desenvolvimento\/cadastro\/#breadcrumb"},"inLanguage":"pt-BR","potentialAction":[{"@type":"ReadAction","target":["https:\/\/clinicasaory.com\/desenvolvimento\/cadastro\/"]}]},{"@type":"BreadcrumbList","@id":"https:\/\/clinicasaory.com\/desenvolvimento\/cadastro\/#breadcrumb","itemListElement":[{"@type":"ListItem","position":1,"name":"Home","item":"https:\/\/clinicasaory.com\/desenvolvimento\/"},{"@type":"ListItem","position":2,"name":"Cadastro"}]},{"@type":"WebSite","@id":"https:\/\/clinicasaory.com\/desenvolvimento\/#website","url":"https:\/\/clinicasaory.com\/desenvolvimento\/","name":"Cl\u00ednica Sa\u00f4ry","description":"Seu bem-estar em primeiro lugar!","publisher":{"@id":"https:\/\/clinicasaory.com\/desenvolvimento\/#organization"},"potentialAction":[{"@type":"SearchAction","target":{"@type":"EntryPoint","urlTemplate":"https:\/\/clinicasaory.com\/desenvolvimento\/?s={search_term_string}"},"query-input":{"@type":"PropertyValueSpecification","valueRequired":true,"valueName":"search_term_string"}}],"inLanguage":"pt-BR"},{"@type":"Organization","@id":"https:\/\/clinicasaory.com\/desenvolvimento\/#organization","name":"Cl\u00ednica Sa\u00f4ry","url":"https:\/\/clinicasaory.com\/desenvolvimento\/","logo":{"@type":"ImageObject","inLanguage":"pt-BR","@id":"https:\/\/clinicasaory.com\/desenvolvimento\/#\/schema\/logo\/image\/","url":"https:\/\/clinicasaory.com\/desenvolvimento\/wp-content\/uploads\/2022\/09\/SAORY-VINHO-2-e1734089525791.png","contentUrl":"https:\/\/clinicasaory.com\/desenvolvimento\/wp-content\/uploads\/2022\/09\/SAORY-VINHO-2-e1734089525791.png","width":500,"height":165,"caption":"Cl\u00ednica Sa\u00f4ry"},"image":{"@id":"https:\/\/clinicasaory.com\/desenvolvimento\/#\/schema\/logo\/image\/"}}]}},"_links":{"self":[{"href":"https:\/\/clinicasaory.com\/desenvolvimento\/wp-json\/wp\/v2\/pages\/267","targetHints":{"allow":["GET"]}}],"collection":[{"href":"https:\/\/clinicasaory.com\/desenvolvimento\/wp-json\/wp\/v2\/pages"}],"about":[{"href":"https:\/\/clinicasaory.com\/desenvolvimento\/wp-json\/wp\/v2\/types\/page"}],"author":[{"embeddable":true,"href":"https:\/\/clinicasaory.com\/desenvolvimento\/wp-json\/wp\/v2\/users\/2"}],"replies":[{"embeddable":true,"href":"https:\/\/clinicasaory.com\/desenvolvimento\/wp-json\/wp\/v2\/comments?post=267"}],"version-history":[{"count":64,"href":"https:\/\/clinicasaory.com\/desenvolvimento\/wp-json\/wp\/v2\/pages\/267\/revisions"}],"predecessor-version":[{"id":3108,"href":"https:\/\/clinicasaory.com\/desenvolvimento\/wp-json\/wp\/v2\/pages\/267\/revisions\/3108"}],"wp:attachment":[{"href":"https:\/\/clinicasaory.com\/desenvolvimento\/wp-json\/wp\/v2\/media?parent=267"}],"curies":[{"name":"wp","href":"https:\/\/api.w.org\/{rel}","templated":true}]}}