{"id":20,"date":"2022-09-16T13:08:32","date_gmt":"2022-09-16T13:08:32","guid":{"rendered":"https:\/\/clinicasaory.com\/desenvolvimento\/?page_id=20"},"modified":"2026-01-10T12:36:24","modified_gmt":"2026-01-10T15:36:24","slug":"blog","status":"publish","type":"page","link":"https:\/\/clinicasaory.com\/desenvolvimento\/blog\/","title":{"rendered":"Blog"},"content":{"rendered":"\t\t<div data-elementor-type=\"wp-page\" data-elementor-id=\"20\" class=\"elementor elementor-20\" data-elementor-settings=\"{&quot;ha_cmc_init_switcher&quot;:&quot;no&quot;}\" data-elementor-post-type=\"page\">\n\t\t\t\t\t\t<section data-exad-particle-enable=\"false\" class=\"elementor-section elementor-top-section elementor-element elementor-element-4a38257 elementor-section-boxed elementor-section-height-default elementor-section-height-default exad-parallax-effect-no exad-background-color-change-no exad-glass-effect-no exad-sticky-section-no\" data-id=\"4a38257\" data-element_type=\"section\" data-e-type=\"section\" data-settings=\"{&quot;_ha_eqh_enable&quot;:false}\">\n\t\t\t\t\t\t<div class=\"elementor-container elementor-column-gap-default\">\n\t\t\t\t\t<div class=\"elementor-column elementor-col-100 elementor-top-column elementor-element elementor-element-879ae46 exad-glass-effect-no exad-sticky-section-no\" data-id=\"879ae46\" data-element_type=\"column\" data-e-type=\"column\">\n\t\t\t<div class=\"elementor-widget-wrap elementor-element-populated\">\n\t\t\t\t\t\t<div class=\"elementor-element elementor-element-4114f91 elementor-widget__width-auto exad-sticky-section-no exad-glass-effect-no elementor-widget elementor-widget-heading\" data-id=\"4114f91\" data-element_type=\"widget\" data-e-type=\"widget\" data-widget_type=\"heading.default\">\n\t\t\t\t<div class=\"elementor-widget-container\">\n\t\t\t\t\t<h2 class=\"elementor-heading-title elementor-size-default\">Blog<\/h2>\t\t\t\t<\/div>\n\t\t\t\t<\/div>\n\t\t\t\t<div class=\"elementor-element elementor-element-07f0018 elementor-widget__width-initial elementor-widget-divider--view-line exad-sticky-section-no exad-glass-effect-no elementor-widget elementor-widget-divider\" data-id=\"07f0018\" data-element_type=\"widget\" data-e-type=\"widget\" data-widget_type=\"divider.default\">\n\t\t\t\t<div class=\"elementor-widget-container\">\n\t\t\t\t\t\t\t<div class=\"elementor-divider\">\n\t\t\t<span class=\"elementor-divider-separator\">\n\t\t\t\t\t\t<\/span>\n\t\t<\/div>\n\t\t\t\t\t\t<\/div>\n\t\t\t\t<\/div>\n\t\t\t\t\t<\/div>\n\t\t<\/div>\n\t\t\t\t\t<\/div>\n\t\t<\/section>\n\t\t\t\t<section data-exad-particle-enable=\"false\" class=\"elementor-section elementor-top-section elementor-element elementor-element-7b4cf99 elementor-section-boxed elementor-section-height-default elementor-section-height-default exad-parallax-effect-no exad-background-color-change-no exad-glass-effect-no exad-sticky-section-no\" data-id=\"7b4cf99\" data-element_type=\"section\" data-e-type=\"section\" data-settings=\"{&quot;_ha_eqh_enable&quot;:false}\">\n\t\t\t\t\t\t<div class=\"elementor-container elementor-column-gap-default\">\n\t\t\t\t\t<div class=\"elementor-column elementor-col-100 elementor-top-column elementor-element elementor-element-f79ef19 exad-glass-effect-no exad-sticky-section-no\" data-id=\"f79ef19\" data-element_type=\"column\" data-e-type=\"column\">\n\t\t\t<div class=\"elementor-widget-wrap elementor-element-populated\">\n\t\t\t\t\t\t<div class=\"elementor-element elementor-element-bcb66c1 elementor-grid-2 elementor-posts--thumbnail-left elementor-posts--align-left elementor-grid-tablet-2 elementor-grid-mobile-1 exad-sticky-section-no exad-glass-effect-no elementor-widget elementor-widget-posts\" data-id=\"bcb66c1\" data-element_type=\"widget\" data-e-type=\"widget\" data-settings=\"{&quot;classic_columns&quot;:&quot;2&quot;,&quot;classic_row_gap&quot;:{&quot;unit&quot;:&quot;px&quot;,&quot;size&quot;:14,&quot;sizes&quot;:[]},&quot;pagination_type&quot;:&quot;numbers_and_prev_next&quot;,&quot;classic_columns_tablet&quot;:&quot;2&quot;,&quot;classic_columns_mobile&quot;:&quot;1&quot;,&quot;classic_row_gap_tablet&quot;:{&quot;unit&quot;:&quot;px&quot;,&quot;size&quot;:&quot;&quot;,&quot;sizes&quot;:[]},&quot;classic_row_gap_mobile&quot;:{&quot;unit&quot;:&quot;px&quot;,&quot;size&quot;:&quot;&quot;,&quot;sizes&quot;:[]}}\" data-widget_type=\"posts.classic\">\n\t\t\t\t<div class=\"elementor-widget-container\">\n\t\t\t\t\t\t\t<div class=\"elementor-posts-container elementor-posts elementor-posts--skin-classic elementor-grid\" role=\"list\">\r\n\t\t\t\t<article class=\"elementor-post elementor-grid-item post-868 post type-post status-publish format-standard has-post-thumbnail hentry category-uncategorized wpbf-post\" role=\"listitem\">\r\n\t\t\t\t<a class=\"elementor-post__thumbnail__link\" href=\"https:\/\/clinicasaory.com\/desenvolvimento\/por-que-fazer-terapia\/\" tabindex=\"-1\" >\r\n\t\t\t<div class=\"elementor-post__thumbnail\"><img decoding=\"async\" width=\"150\" height=\"150\" src=\"https:\/\/clinicasaory.com\/desenvolvimento\/wp-content\/uploads\/2023\/01\/Cual-es-el-ingrediente-mas-importante-para-tener-una-vida-feliz-150x150.webp\" class=\"attachment-thumbnail size-thumbnail wp-image-869\" alt=\"\" srcset=\"https:\/\/clinicasaory.com\/desenvolvimento\/wp-content\/uploads\/2023\/01\/Cual-es-el-ingrediente-mas-importante-para-tener-una-vida-feliz-150x150.webp 150w, https:\/\/clinicasaory.com\/desenvolvimento\/wp-content\/uploads\/2023\/01\/Cual-es-el-ingrediente-mas-importante-para-tener-una-vida-feliz-300x300.webp 300w\" sizes=\"(max-width: 150px) 100vw, 150px\" \/><\/div>\r\n\t\t<\/a>\r\n\t\t\t\t<div class=\"elementor-post__text\">\r\n\t\t\t\t<h3 class=\"elementor-post__title\">\r\n\t\t\t<a href=\"https:\/\/clinicasaory.com\/desenvolvimento\/por-que-fazer-terapia\/\" >\r\n\t\t\t\tPor que fazer terapia?\t\t\t<\/a>\r\n\t\t<\/h3>\r\n\t\t\t\t<div class=\"elementor-post__excerpt\">\r\n\t\t\t<p>Existem estudos que pontuam que mais de 70% dos adultos sofrem de ansiedade, estresse, depress\u00e3o ou transtornos em algum momento<\/p>\n\t\t<\/div>\r\n\t\t\r\n\t\t<a class=\"elementor-post__read-more\" href=\"https:\/\/clinicasaory.com\/desenvolvimento\/por-que-fazer-terapia\/\" aria-label=\"Read more about Por que fazer terapia?\" tabindex=\"-1\" >\r\n\t\t\tLeia Mais\t\t<\/a>\r\n\r\n\t\t\t\t<\/div>\r\n\t\t\t\t<\/article>\r\n\t\t\t\t<article class=\"elementor-post elementor-grid-item post-865 post type-post status-publish format-standard has-post-thumbnail hentry category-uncategorized wpbf-post\" role=\"listitem\">\r\n\t\t\t\t<a class=\"elementor-post__thumbnail__link\" href=\"https:\/\/clinicasaory.com\/desenvolvimento\/o-que-e-terapia\/\" tabindex=\"-1\" >\r\n\t\t\t<div class=\"elementor-post__thumbnail\"><img decoding=\"async\" width=\"150\" height=\"150\" src=\"https:\/\/clinicasaory.com\/desenvolvimento\/wp-content\/uploads\/2023\/01\/os-principais-objetivos-da-terapia-cognitivo-comportamental-150x150.png\" class=\"attachment-thumbnail size-thumbnail wp-image-866\" alt=\"\" srcset=\"https:\/\/clinicasaory.com\/desenvolvimento\/wp-content\/uploads\/2023\/01\/os-principais-objetivos-da-terapia-cognitivo-comportamental-150x150.png 150w, https:\/\/clinicasaory.com\/desenvolvimento\/wp-content\/uploads\/2023\/01\/os-principais-objetivos-da-terapia-cognitivo-comportamental-300x300.png 300w\" sizes=\"(max-width: 150px) 100vw, 150px\" \/><\/div>\r\n\t\t<\/a>\r\n\t\t\t\t<div class=\"elementor-post__text\">\r\n\t\t\t\t<h3 class=\"elementor-post__title\">\r\n\t\t\t<a href=\"https:\/\/clinicasaory.com\/desenvolvimento\/o-que-e-terapia\/\" >\r\n\t\t\t\tO QUE \u00c9 TERAPIA?\t\t\t<\/a>\r\n\t\t<\/h3>\r\n\t\t\t\t<div class=\"elementor-post__excerpt\">\r\n\t\t\t<p>Terapia \u00e9 a forma popular que chamamos a psicoterapia (psico {mente} + terapia {curar}). A psicoterapia se baseia na aplica\u00e7\u00e3o<\/p>\n\t\t<\/div>\r\n\t\t\r\n\t\t<a class=\"elementor-post__read-more\" href=\"https:\/\/clinicasaory.com\/desenvolvimento\/o-que-e-terapia\/\" aria-label=\"Read more about O QUE \u00c9 TERAPIA?\" tabindex=\"-1\" >\r\n\t\t\tLeia Mais\t\t<\/a>\r\n\r\n\t\t\t\t<\/div>\r\n\t\t\t\t<\/article>\r\n\t\t\t\t<article class=\"elementor-post elementor-grid-item post-861 post type-post status-publish format-standard has-post-thumbnail hentry category-uncategorized wpbf-post\" role=\"listitem\">\r\n\t\t\t\t<a class=\"elementor-post__thumbnail__link\" href=\"https:\/\/clinicasaory.com\/desenvolvimento\/o-impacto-do-sono-acumulado\/\" tabindex=\"-1\" >\r\n\t\t\t<div class=\"elementor-post__thumbnail\"><img decoding=\"async\" width=\"150\" height=\"150\" src=\"https:\/\/clinicasaory.com\/desenvolvimento\/wp-content\/uploads\/2023\/01\/sono-e-saude-mental-150x150.jpg\" class=\"attachment-thumbnail size-thumbnail wp-image-862\" alt=\"\" srcset=\"https:\/\/clinicasaory.com\/desenvolvimento\/wp-content\/uploads\/2023\/01\/sono-e-saude-mental-150x150.jpg 150w, https:\/\/clinicasaory.com\/desenvolvimento\/wp-content\/uploads\/2023\/01\/sono-e-saude-mental-300x300.jpg 300w\" sizes=\"(max-width: 150px) 100vw, 150px\" \/><\/div>\r\n\t\t<\/a>\r\n\t\t\t\t<div class=\"elementor-post__text\">\r\n\t\t\t\t<h3 class=\"elementor-post__title\">\r\n\t\t\t<a href=\"https:\/\/clinicasaory.com\/desenvolvimento\/o-impacto-do-sono-acumulado\/\" >\r\n\t\t\t\tO IMPACTO DO SONO ACUMULADO\t\t\t<\/a>\r\n\t\t<\/h3>\r\n\t\t\t\t<div class=\"elementor-post__excerpt\">\r\n\t\t\t<p>Ansiedade, estresse, excesso de telas est\u00e3o tirando o sono de muita gente e atrapalhando n\u00e3o s\u00f3 o descanso, mas todo<\/p>\n\t\t<\/div>\r\n\t\t\r\n\t\t<a class=\"elementor-post__read-more\" href=\"https:\/\/clinicasaory.com\/desenvolvimento\/o-impacto-do-sono-acumulado\/\" aria-label=\"Read more about O IMPACTO DO SONO ACUMULADO\" tabindex=\"-1\" >\r\n\t\t\tLeia Mais\t\t<\/a>\r\n\r\n\t\t\t\t<\/div>\r\n\t\t\t\t<\/article>\r\n\t\t\t\t<article class=\"elementor-post elementor-grid-item post-858 post type-post status-publish format-standard has-post-thumbnail hentry category-uncategorized wpbf-post\" role=\"listitem\">\r\n\t\t\t\t<a class=\"elementor-post__thumbnail__link\" href=\"https:\/\/clinicasaory.com\/desenvolvimento\/mito-da-masculinidade-na-saude-mental\/\" tabindex=\"-1\" >\r\n\t\t\t<div class=\"elementor-post__thumbnail\"><img loading=\"lazy\" decoding=\"async\" width=\"150\" height=\"150\" src=\"https:\/\/clinicasaory.com\/desenvolvimento\/wp-content\/uploads\/2023\/01\/man-smile-white-150x150.jpg\" class=\"attachment-thumbnail size-thumbnail wp-image-859\" alt=\"\" srcset=\"https:\/\/clinicasaory.com\/desenvolvimento\/wp-content\/uploads\/2023\/01\/man-smile-white-150x150.jpg 150w, https:\/\/clinicasaory.com\/desenvolvimento\/wp-content\/uploads\/2023\/01\/man-smile-white-300x300.jpg 300w\" sizes=\"(max-width: 150px) 100vw, 150px\" \/><\/div>\r\n\t\t<\/a>\r\n\t\t\t\t<div class=\"elementor-post__text\">\r\n\t\t\t\t<h3 class=\"elementor-post__title\">\r\n\t\t\t<a href=\"https:\/\/clinicasaory.com\/desenvolvimento\/mito-da-masculinidade-na-saude-mental\/\" >\r\n\t\t\t\tMito da masculinidade na sa\u00fade mental\t\t\t<\/a>\r\n\t\t<\/h3>\r\n\t\t\t\t<div class=\"elementor-post__excerpt\">\r\n\t\t\t<p>Em 2018, a porcentagem dos homens que procuravam a terapia como precau\u00e7\u00e3o a sa\u00fade mental era de 69,4%, hoje lidamos<\/p>\n\t\t<\/div>\r\n\t\t\r\n\t\t<a class=\"elementor-post__read-more\" href=\"https:\/\/clinicasaory.com\/desenvolvimento\/mito-da-masculinidade-na-saude-mental\/\" aria-label=\"Read more about Mito da masculinidade na sa\u00fade mental\" tabindex=\"-1\" >\r\n\t\t\tLeia Mais\t\t<\/a>\r\n\r\n\t\t\t\t<\/div>\r\n\t\t\t\t<\/article>\r\n\t\t\t\t<article class=\"elementor-post elementor-grid-item post-215 post type-post status-publish format-standard hentry category-uncategorized wpbf-post\" role=\"listitem\">\r\n\t\t\t\t<div class=\"elementor-post__text\">\r\n\t\t\t\t<h3 class=\"elementor-post__title\">\r\n\t\t\t<a href=\"https:\/\/clinicasaory.com\/desenvolvimento\/post-4\/\" >\r\n\t\t\t\tUm espa\u00e7o para seu bem-estar\t\t\t<\/a>\r\n\t\t<\/h3>\r\n\t\t\t\t<div class=\"elementor-post__excerpt\">\r\n\t\t\t<p>&nbsp; Bem-vindo ao Blog da Sa\u00f4ry: Um espa\u00e7o para seu bem-estar Ol\u00e1, eu sou a Sa\u00f4ry. Meu prop\u00f3sito? Ajudar voc\u00ea<\/p>\n\t\t<\/div>\r\n\t\t\r\n\t\t<a class=\"elementor-post__read-more\" href=\"https:\/\/clinicasaory.com\/desenvolvimento\/post-4\/\" aria-label=\"Read more about Um espa\u00e7o para seu bem-estar\" tabindex=\"-1\" >\r\n\t\t\tLeia Mais\t\t<\/a>\r\n\r\n\t\t\t\t<\/div>\r\n\t\t\t\t<\/article>\r\n\t\t\t\t<article class=\"elementor-post elementor-grid-item post-213 post type-post status-publish format-standard hentry category-uncategorized wpbf-post\" role=\"listitem\">\r\n\t\t\t\t<div class=\"elementor-post__text\">\r\n\t\t\t\t<h3 class=\"elementor-post__title\">\r\n\t\t\t<a href=\"https:\/\/clinicasaory.com\/desenvolvimento\/post-3\/\" >\r\n\t\t\t\tDo nosso consult\u00f3rio para o seu bem-estar: reflex\u00f5es e ferramentas para uma vida equilibrada\t\t\t<\/a>\r\n\t\t<\/h3>\r\n\t\t\t\t<div class=\"elementor-post__excerpt\">\r\n\t\t\t<p>Ol\u00e1, pessoal! Sa\u00f4ry aqui, diretamente do nosso espa\u00e7o de escuta e acolhimento. Como empresa do setor de psicologia, temos o<\/p>\n\t\t<\/div>\r\n\t\t\r\n\t\t<a class=\"elementor-post__read-more\" href=\"https:\/\/clinicasaory.com\/desenvolvimento\/post-3\/\" aria-label=\"Read more about Do nosso consult\u00f3rio para o seu bem-estar: reflex\u00f5es e ferramentas para uma vida equilibrada\" tabindex=\"-1\" >\r\n\t\t\tLeia Mais\t\t<\/a>\r\n\r\n\t\t\t\t<\/div>\r\n\t\t\t\t<\/article>\r\n\t\t\t\t<article class=\"elementor-post elementor-grid-item post-211 post type-post status-publish format-standard hentry category-uncategorized wpbf-post\" role=\"listitem\">\r\n\t\t\t\t<div class=\"elementor-post__text\">\r\n\t\t\t\t<h3 class=\"elementor-post__title\">\r\n\t\t\t<a href=\"https:\/\/clinicasaory.com\/desenvolvimento\/pos-2\/\" >\r\n\t\t\t\tDesvendando a Ansiedade: Sinais, Causas e Estrat\u00e9gias para Acalmar a Mente\t\t\t<\/a>\r\n\t\t<\/h3>\r\n\t\t\t\t<div class=\"elementor-post__excerpt\">\r\n\t\t\t<p>Ol\u00e1, pessoal! Sa\u00f4ry aqui, pronta para mais uma conversa sincera sobre um tema que, infelizmente, \u00e9 muito presente em nossos<\/p>\n\t\t<\/div>\r\n\t\t\r\n\t\t<a class=\"elementor-post__read-more\" href=\"https:\/\/clinicasaory.com\/desenvolvimento\/pos-2\/\" aria-label=\"Read more about Desvendando a Ansiedade: Sinais, Causas e Estrat\u00e9gias para Acalmar a Mente\" tabindex=\"-1\" >\r\n\t\t\tLeia Mais\t\t<\/a>\r\n\r\n\t\t\t\t<\/div>\r\n\t\t\t\t<\/article>\r\n\t\t\t\t<article class=\"elementor-post elementor-grid-item post-200 post type-post status-publish format-standard hentry category-uncategorized wpbf-post\" role=\"listitem\">\r\n\t\t\t\t<div class=\"elementor-post__text\">\r\n\t\t\t\t<h3 class=\"elementor-post__title\">\r\n\t\t\t<a href=\"https:\/\/clinicasaory.com\/desenvolvimento\/post-1\/\" >\r\n\t\t\t\tRelacionamentos Saud\u00e1veis: Construindo Conex\u00f5es Aut\u00eanticas e Respeitosas\t\t\t<\/a>\r\n\t\t<\/h3>\r\n\t\t\t\t<div class=\"elementor-post__excerpt\">\r\n\t\t\t<p>Ol\u00e1, pessoal! Sa\u00f4ry aqui, para conversarmos sobre um tema que \u00e9 fundamental para o nosso bem-estar: os relacionamentos. Afinal, somos<\/p>\n\t\t<\/div>\r\n\t\t\r\n\t\t<a class=\"elementor-post__read-more\" href=\"https:\/\/clinicasaory.com\/desenvolvimento\/post-1\/\" aria-label=\"Read more about Relacionamentos Saud\u00e1veis: Construindo Conex\u00f5es Aut\u00eanticas e Respeitosas\" tabindex=\"-1\" >\r\n\t\t\tLeia Mais\t\t<\/a>\r\n\r\n\t\t\t\t<\/div>\r\n\t\t\t\t<\/article>\r\n\t\t\t\t<\/div>\r\n\t\t\r\n\t\t\t\t\t\t<\/div>\n\t\t\t\t<\/div>\n\t\t\t\t\t<\/div>\n\t\t<\/div>\n\t\t\t\t\t<\/div>\n\t\t<\/section>\n\t\t\t\t<\/div>\n\t\t","protected":false},"excerpt":{"rendered":"<p>Blog<\/p>\n","protected":false},"author":2,"featured_media":0,"parent":0,"menu_order":0,"comment_status":"closed","ping_status":"closed","template":"elementor_header_footer","meta":{"_acf_changed":false,"_joinchat":[],"footnotes":""},"class_list":["post-20","page","type-page","status-publish","hentry","wpbf-post"],"acf":[],"yoast_head":"<!-- This site is optimized with the Yoast SEO plugin v27.4 - https:\/\/yoast.com\/product\/yoast-seo-wordpress\/ -->\n<title>Blog - Cl\u00ednica Sa\u00f4ry<\/title>\n<meta name=\"robots\" content=\"index, follow, max-snippet:-1, max-image-preview:large, max-video-preview:-1\" \/>\n<link rel=\"canonical\" href=\"https:\/\/clinicasaory.com\/desenvolvimento\/blog\/\" \/>\n<meta property=\"og:locale\" content=\"pt_BR\" \/>\n<meta property=\"og:type\" content=\"article\" \/>\n<meta property=\"og:title\" content=\"Blog - Cl\u00ednica Sa\u00f4ry\" \/>\n<meta property=\"og:description\" content=\"Blog\" \/>\n<meta property=\"og:url\" content=\"https:\/\/clinicasaory.com\/desenvolvimento\/blog\/\" \/>\n<meta property=\"og:site_name\" content=\"Cl\u00ednica Sa\u00f4ry\" \/>\n<meta property=\"article:modified_time\" content=\"2026-01-10T15:36:24+00:00\" \/>\n<meta name=\"twitter:card\" content=\"summary_large_image\" \/>\n<meta name=\"twitter:label1\" content=\"Est. tempo de leitura\" \/>\n\t<meta name=\"twitter:data1\" content=\"1 minuto\" \/>\n<script type=\"application\/ld+json\" class=\"yoast-schema-graph\">{\"@context\":\"https:\\\/\\\/schema.org\",\"@graph\":[{\"@type\":\"WebPage\",\"@id\":\"https:\\\/\\\/clinicasaory.com\\\/desenvolvimento\\\/blog\\\/\",\"url\":\"https:\\\/\\\/clinicasaory.com\\\/desenvolvimento\\\/blog\\\/\",\"name\":\"Blog - Cl\u00ednica Sa\u00f4ry\",\"isPartOf\":{\"@id\":\"https:\\\/\\\/clinicasaory.com\\\/desenvolvimento\\\/#website\"},\"datePublished\":\"2022-09-16T13:08:32+00:00\",\"dateModified\":\"2026-01-10T15:36:24+00:00\",\"breadcrumb\":{\"@id\":\"https:\\\/\\\/clinicasaory.com\\\/desenvolvimento\\\/blog\\\/#breadcrumb\"},\"inLanguage\":\"pt-BR\",\"potentialAction\":[{\"@type\":\"ReadAction\",\"target\":[\"https:\\\/\\\/clinicasaory.com\\\/desenvolvimento\\\/blog\\\/\"]}]},{\"@type\":\"BreadcrumbList\",\"@id\":\"https:\\\/\\\/clinicasaory.com\\\/desenvolvimento\\\/blog\\\/#breadcrumb\",\"itemListElement\":[{\"@type\":\"ListItem\",\"position\":1,\"name\":\"Home\",\"item\":\"https:\\\/\\\/clinicasaory.com\\\/desenvolvimento\\\/\"},{\"@type\":\"ListItem\",\"position\":2,\"name\":\"Blog\"}]},{\"@type\":\"WebSite\",\"@id\":\"https:\\\/\\\/clinicasaory.com\\\/desenvolvimento\\\/#website\",\"url\":\"https:\\\/\\\/clinicasaory.com\\\/desenvolvimento\\\/\",\"name\":\"Cl\u00ednica Sa\u00f4ry\",\"description\":\"Seu bem-estar em primeiro lugar!\",\"publisher\":{\"@id\":\"https:\\\/\\\/clinicasaory.com\\\/desenvolvimento\\\/#organization\"},\"potentialAction\":[{\"@type\":\"SearchAction\",\"target\":{\"@type\":\"EntryPoint\",\"urlTemplate\":\"https:\\\/\\\/clinicasaory.com\\\/desenvolvimento\\\/?s={search_term_string}\"},\"query-input\":{\"@type\":\"PropertyValueSpecification\",\"valueRequired\":true,\"valueName\":\"search_term_string\"}}],\"inLanguage\":\"pt-BR\"},{\"@type\":\"Organization\",\"@id\":\"https:\\\/\\\/clinicasaory.com\\\/desenvolvimento\\\/#organization\",\"name\":\"Cl\u00ednica Sa\u00f4ry\",\"url\":\"https:\\\/\\\/clinicasaory.com\\\/desenvolvimento\\\/\",\"logo\":{\"@type\":\"ImageObject\",\"inLanguage\":\"pt-BR\",\"@id\":\"https:\\\/\\\/clinicasaory.com\\\/desenvolvimento\\\/#\\\/schema\\\/logo\\\/image\\\/\",\"url\":\"https:\\\/\\\/clinicasaory.com\\\/desenvolvimento\\\/wp-content\\\/uploads\\\/2022\\\/09\\\/SAORY-VINHO-2-e1734089525791.png\",\"contentUrl\":\"https:\\\/\\\/clinicasaory.com\\\/desenvolvimento\\\/wp-content\\\/uploads\\\/2022\\\/09\\\/SAORY-VINHO-2-e1734089525791.png\",\"width\":500,\"height\":165,\"caption\":\"Cl\u00ednica Sa\u00f4ry\"},\"image\":{\"@id\":\"https:\\\/\\\/clinicasaory.com\\\/desenvolvimento\\\/#\\\/schema\\\/logo\\\/image\\\/\"}}]}<\/script>\n<!-- \/ Yoast SEO plugin. -->","yoast_head_json":{"title":"Blog - Cl\u00ednica Sa\u00f4ry","robots":{"index":"index","follow":"follow","max-snippet":"max-snippet:-1","max-image-preview":"max-image-preview:large","max-video-preview":"max-video-preview:-1"},"canonical":"https:\/\/clinicasaory.com\/desenvolvimento\/blog\/","og_locale":"pt_BR","og_type":"article","og_title":"Blog - Cl\u00ednica Sa\u00f4ry","og_description":"Blog","og_url":"https:\/\/clinicasaory.com\/desenvolvimento\/blog\/","og_site_name":"Cl\u00ednica Sa\u00f4ry","article_modified_time":"2026-01-10T15:36:24+00:00","twitter_card":"summary_large_image","twitter_misc":{"Est. tempo de leitura":"1 minuto"},"schema":{"@context":"https:\/\/schema.org","@graph":[{"@type":"WebPage","@id":"https:\/\/clinicasaory.com\/desenvolvimento\/blog\/","url":"https:\/\/clinicasaory.com\/desenvolvimento\/blog\/","name":"Blog - Cl\u00ednica Sa\u00f4ry","isPartOf":{"@id":"https:\/\/clinicasaory.com\/desenvolvimento\/#website"},"datePublished":"2022-09-16T13:08:32+00:00","dateModified":"2026-01-10T15:36:24+00:00","breadcrumb":{"@id":"https:\/\/clinicasaory.com\/desenvolvimento\/blog\/#breadcrumb"},"inLanguage":"pt-BR","potentialAction":[{"@type":"ReadAction","target":["https:\/\/clinicasaory.com\/desenvolvimento\/blog\/"]}]},{"@type":"BreadcrumbList","@id":"https:\/\/clinicasaory.com\/desenvolvimento\/blog\/#breadcrumb","itemListElement":[{"@type":"ListItem","position":1,"name":"Home","item":"https:\/\/clinicasaory.com\/desenvolvimento\/"},{"@type":"ListItem","position":2,"name":"Blog"}]},{"@type":"WebSite","@id":"https:\/\/clinicasaory.com\/desenvolvimento\/#website","url":"https:\/\/clinicasaory.com\/desenvolvimento\/","name":"Cl\u00ednica Sa\u00f4ry","description":"Seu bem-estar em primeiro lugar!","publisher":{"@id":"https:\/\/clinicasaory.com\/desenvolvimento\/#organization"},"potentialAction":[{"@type":"SearchAction","target":{"@type":"EntryPoint","urlTemplate":"https:\/\/clinicasaory.com\/desenvolvimento\/?s={search_term_string}"},"query-input":{"@type":"PropertyValueSpecification","valueRequired":true,"valueName":"search_term_string"}}],"inLanguage":"pt-BR"},{"@type":"Organization","@id":"https:\/\/clinicasaory.com\/desenvolvimento\/#organization","name":"Cl\u00ednica Sa\u00f4ry","url":"https:\/\/clinicasaory.com\/desenvolvimento\/","logo":{"@type":"ImageObject","inLanguage":"pt-BR","@id":"https:\/\/clinicasaory.com\/desenvolvimento\/#\/schema\/logo\/image\/","url":"https:\/\/clinicasaory.com\/desenvolvimento\/wp-content\/uploads\/2022\/09\/SAORY-VINHO-2-e1734089525791.png","contentUrl":"https:\/\/clinicasaory.com\/desenvolvimento\/wp-content\/uploads\/2022\/09\/SAORY-VINHO-2-e1734089525791.png","width":500,"height":165,"caption":"Cl\u00ednica Sa\u00f4ry"},"image":{"@id":"https:\/\/clinicasaory.com\/desenvolvimento\/#\/schema\/logo\/image\/"}}]}},"_links":{"self":[{"href":"https:\/\/clinicasaory.com\/desenvolvimento\/wp-json\/wp\/v2\/pages\/20","targetHints":{"allow":["GET"]}}],"collection":[{"href":"https:\/\/clinicasaory.com\/desenvolvimento\/wp-json\/wp\/v2\/pages"}],"about":[{"href":"https:\/\/clinicasaory.com\/desenvolvimento\/wp-json\/wp\/v2\/types\/page"}],"author":[{"embeddable":true,"href":"https:\/\/clinicasaory.com\/desenvolvimento\/wp-json\/wp\/v2\/users\/2"}],"replies":[{"embeddable":true,"href":"https:\/\/clinicasaory.com\/desenvolvimento\/wp-json\/wp\/v2\/comments?post=20"}],"version-history":[{"count":2,"href":"https:\/\/clinicasaory.com\/desenvolvimento\/wp-json\/wp\/v2\/pages\/20\/revisions"}],"predecessor-version":[{"id":3065,"href":"https:\/\/clinicasaory.com\/desenvolvimento\/wp-json\/wp\/v2\/pages\/20\/revisions\/3065"}],"wp:attachment":[{"href":"https:\/\/clinicasaory.com\/desenvolvimento\/wp-json\/wp\/v2\/media?parent=20"}],"curies":[{"name":"wp","href":"https:\/\/api.w.org\/{rel}","templated":true}]}}