{"id":19,"date":"2022-09-16T13:08:21","date_gmt":"2022-09-16T13:08:21","guid":{"rendered":"https:\/\/clinicasaory.com\/desenvolvimento\/?page_id=19"},"modified":"2026-01-10T12:40:01","modified_gmt":"2026-01-10T15:40:01","slug":"como-funciona","status":"publish","type":"page","link":"https:\/\/clinicasaory.com\/desenvolvimento\/como-funciona\/","title":{"rendered":"Como Funciona"},"content":{"rendered":"\t\t<div data-elementor-type=\"wp-page\" data-elementor-id=\"19\" class=\"elementor elementor-19\" data-elementor-settings=\"{&quot;ha_cmc_init_switcher&quot;:&quot;no&quot;}\" data-elementor-post-type=\"page\">\n\t\t\t\t\t\t<section data-exad-particle-enable=\"false\" class=\"elementor-section elementor-top-section elementor-element elementor-element-6c08a19 elementor-section-boxed elementor-section-height-default elementor-section-height-default exad-parallax-effect-no exad-background-color-change-no exad-glass-effect-no exad-sticky-section-no\" data-id=\"6c08a19\" data-element_type=\"section\" data-e-type=\"section\" data-settings=\"{&quot;_ha_eqh_enable&quot;:false}\">\n\t\t\t\t\t\t<div class=\"elementor-container elementor-column-gap-default\">\n\t\t\t\t\t<div class=\"elementor-column elementor-col-100 elementor-top-column elementor-element elementor-element-5aadc2a exad-glass-effect-no exad-sticky-section-no\" data-id=\"5aadc2a\" data-element_type=\"column\" data-e-type=\"column\">\n\t\t\t<div class=\"elementor-widget-wrap elementor-element-populated\">\n\t\t\t\t\t\t<div class=\"elementor-element elementor-element-bbfd21d elementor-widget__width-auto exad-sticky-section-no exad-glass-effect-no elementor-widget elementor-widget-heading\" data-id=\"bbfd21d\" data-element_type=\"widget\" data-e-type=\"widget\" data-widget_type=\"heading.default\">\n\t\t\t\t<div class=\"elementor-widget-container\">\n\t\t\t\t\t<h2 class=\"elementor-heading-title elementor-size-default\">Como funciona<\/h2>\t\t\t\t<\/div>\n\t\t\t\t<\/div>\n\t\t\t\t<div class=\"elementor-element elementor-element-5969411 elementor-widget__width-initial elementor-widget-divider--view-line exad-sticky-section-no exad-glass-effect-no elementor-widget elementor-widget-divider\" data-id=\"5969411\" data-element_type=\"widget\" data-e-type=\"widget\" data-widget_type=\"divider.default\">\n\t\t\t\t<div class=\"elementor-widget-container\">\n\t\t\t\t\t\t\t<div class=\"elementor-divider\">\n\t\t\t<span class=\"elementor-divider-separator\">\n\t\t\t\t\t\t<\/span>\n\t\t<\/div>\n\t\t\t\t\t\t<\/div>\n\t\t\t\t<\/div>\n\t\t\t\t\t<\/div>\n\t\t<\/div>\n\t\t\t\t\t<\/div>\n\t\t<\/section>\n\t\t\t\t<section data-exad-particle-enable=\"false\" class=\"elementor-section elementor-top-section elementor-element elementor-element-1755685 elementor-section-boxed elementor-section-height-default elementor-section-height-default exad-parallax-effect-no exad-background-color-change-no exad-glass-effect-no exad-sticky-section-no\" data-id=\"1755685\" data-element_type=\"section\" data-e-type=\"section\" data-settings=\"{&quot;_ha_eqh_enable&quot;:false}\">\n\t\t\t\t\t\t<div class=\"elementor-container elementor-column-gap-default\">\n\t\t\t\t\t<div class=\"elementor-column elementor-col-100 elementor-top-column elementor-element elementor-element-20f727f exad-glass-effect-no exad-sticky-section-no\" data-id=\"20f727f\" data-element_type=\"column\" data-e-type=\"column\">\n\t\t\t<div class=\"elementor-widget-wrap elementor-element-populated\">\n\t\t\t\t\t\t<div class=\"elementor-element elementor-element-7615ff2 exad-sticky-section-no exad-glass-effect-no elementor-widget elementor-widget-toggle\" data-id=\"7615ff2\" data-element_type=\"widget\" data-e-type=\"widget\" data-widget_type=\"toggle.default\">\n\t\t\t\t<div class=\"elementor-widget-container\">\n\t\t\t\t\t\t\t<div class=\"elementor-toggle\">\n\t\t\t\t\t\t\t<div class=\"elementor-toggle-item\">\n\t\t\t\t\t<div id=\"elementor-tab-title-1231\" class=\"elementor-tab-title\" data-tab=\"1\" role=\"button\" aria-controls=\"elementor-tab-content-1231\" aria-expanded=\"false\">\n\t\t\t\t\t\t\t\t\t\t\t\t<span class=\"elementor-toggle-icon elementor-toggle-icon-left\" aria-hidden=\"true\">\n\t\t\t\t\t\t\t\t\t\t\t\t\t\t\t<span class=\"elementor-toggle-icon-closed\"><i class=\"fas fa-chevron-right\"><\/i><\/span>\n\t\t\t\t\t\t\t\t<span class=\"elementor-toggle-icon-opened\"><i class=\"elementor-toggle-icon-opened fas fa-chevron-down\"><\/i><\/span>\n\t\t\t\t\t\t\t\t\t\t\t\t\t<\/span>\n\t\t\t\t\t\t\t\t\t\t\t\t<a class=\"elementor-toggle-title\" tabindex=\"0\">Saiba como realizar um agendamento.<\/a>\n\t\t\t\t\t<\/div>\n\n\t\t\t\t\t<div id=\"elementor-tab-content-1231\" class=\"elementor-tab-content elementor-clearfix\" data-tab=\"1\" role=\"region\" aria-labelledby=\"elementor-tab-title-1231\"><p>\u00a0<\/p><hr \/><h2><strong>Como agendar sua consulta na Cl\u00ednica Sa\u00f4ry<\/strong><\/h2><p>Agendar sua consulta \u00e9 simples e r\u00e1pido! Siga o passo a passo abaixo:<\/p><h3><strong>1. Escolha seu servi\u00e7o e profissional<\/strong><\/h3><ul><li>Clique em <strong>&#8220;Agendamento&#8221;<\/strong> no site.<\/li><li>Selecione o servi\u00e7o desejado.<\/li><li>Escolha o profissional com quem deseja se consultar.<\/li><\/ul><h3><strong>2. Escolha a data e o hor\u00e1rio<\/strong><\/h3><ul><li>Selecione o dia dispon\u00edvel que melhor se encaixa na sua rotina.<\/li><li>Escolha o hor\u00e1rio mais conveniente para voc\u00ea.<\/li><\/ul><h3><strong>3. Defina a frequ\u00eancia<\/strong><\/h3><ul><li>Informe se deseja marcar apenas uma consulta ou um pacote de atendimentos.<\/li><li>Basta responder <strong>&#8220;SIM&#8221;<\/strong> se deseja repetir os compromissos ou <strong>&#8220;N\u00c3O&#8221;<\/strong> se for uma consulta \u00fanica.<\/li><\/ul><h3><strong>4. Preencha as informa\u00e7\u00f5es do paciente<\/strong><\/h3><ul><li>Nome e sobrenome.<\/li><li>E-mail e n\u00famero de WhatsApp para contato.<\/li><\/ul><h3><strong>5. Finalize o pagamento<\/strong><\/h3><ul><li>Clique em <strong>&#8220;Continuar&#8221;<\/strong> na se\u00e7\u00e3o de pagamento.<\/li><li>Preencha os dados de quem realizar\u00e1 os pagamentos das consultas.<\/li><li>Ap\u00f3s conferir tudo, clique em <strong>&#8220;Finalizar Pedido&#8221;<\/strong>.<\/li><\/ul><h3><strong>6. Confirma\u00e7\u00e3o da sua consulta<\/strong><\/h3><ul><li>Voc\u00ea receber\u00e1 um e-mail com a confirma\u00e7\u00e3o da consulta e o link para pagamento.<\/li><li>Se n\u00e3o encontrar o e-mail na caixa de entrada, verifique o <strong>SPAM<\/strong>.<\/li><\/ul><p>\u2728 <strong>Pronto! Agora \u00e9 s\u00f3 aguardar o seu atendimento (No dia e hor\u00e1rio agendado) com uma anteced\u00eancia de, pelo menos, 15 minutos antes da sess\u00e3o. A psic\u00f3loga entrar\u00e1 em contato, via WhatsApp, no dia da consulta.<\/strong><\/p><p>Quaisquer d\u00favidas que ainda tenham necessidade, pode realizar contato direto em nossa se\u00e7\u00e3o de contato (Na p\u00e1gina inicial, na parte inferior do site , ou no bot\u00e3o de WhatsApp no canto inferior de sua tela, ou enviando e-mail para contato@clinicasaory.com, que assim nossa equipe de atendimento\u00a0 estar\u00e1 satisfazendo as suas d\u00favidas.<\/p><p><strong>Bem-vindo(a) \u00e0 fam\u00edlia Sa\u00f4ry!<\/strong> \ud83d\udc99<\/p><hr \/><\/div>\n\t\t\t\t<\/div>\n\t\t\t\t\t\t\t<div class=\"elementor-toggle-item\">\n\t\t\t\t\t<div id=\"elementor-tab-title-1232\" class=\"elementor-tab-title\" data-tab=\"2\" role=\"button\" aria-controls=\"elementor-tab-content-1232\" aria-expanded=\"false\">\n\t\t\t\t\t\t\t\t\t\t\t\t<span class=\"elementor-toggle-icon elementor-toggle-icon-left\" aria-hidden=\"true\">\n\t\t\t\t\t\t\t\t\t\t\t\t\t\t\t<span class=\"elementor-toggle-icon-closed\"><i class=\"fas fa-chevron-right\"><\/i><\/span>\n\t\t\t\t\t\t\t\t<span class=\"elementor-toggle-icon-opened\"><i class=\"elementor-toggle-icon-opened fas fa-chevron-down\"><\/i><\/span>\n\t\t\t\t\t\t\t\t\t\t\t\t\t<\/span>\n\t\t\t\t\t\t\t\t\t\t\t\t<a class=\"elementor-toggle-title\" tabindex=\"0\">Saiba como Reagendar ou cancelar uma consulta<\/a>\n\t\t\t\t\t<\/div>\n\n\t\t\t\t\t<div id=\"elementor-tab-content-1232\" class=\"elementor-tab-content elementor-clearfix\" data-tab=\"2\" role=\"region\" aria-labelledby=\"elementor-tab-title-1232\"><p>Paciente que escolher ATEDIMENTO QUINZENAL n\u00e3o tem direito a falta no dia da consulta. S\u00f3 aceitaremos remarca\u00e7\u00e3o com atestado m\u00e9dico.<\/p><p>Nas outras modalidades, INFORME A SUA PSIC\u00d3LOGA e pe\u00e7a para ela comunicar o administrativo ou nos envie um e-mail para agendamento@clinicasaory.com informando a solicita\u00e7\u00e3o de re-agendamento e ou cancelamento juntamente com as devidas informa\u00e7\u00f5es de data e hor\u00e1rio reservado e profissional escolhido e informa\u00e7\u00f5es da\u00a0 compra, meio de pagamento, pedido para o caso de cancelamento. com os e-mails em anexo recebidos de nossa parte. E que esteja de acordo com um prazo\u00a0 no m\u00ednimo 24 horas para um re-agendamento e 72 horas m\u00ednimas para o cancelamento .\u00a0<\/p><p>Quaisquer d\u00favidas que ainda tenham necessidade, pode realizar contato direto em nossa se\u00e7\u00e3o de contato, ou no bot\u00e3o de WhatsApp no canto inferior de sua tela, ou enviando e-mail para contato@clinicasaory.com, que assim nossa equipe de atendimento\u00a0 estar\u00e1 satisfazendo as suas d\u00favidas.<\/p><\/div>\n\t\t\t\t<\/div>\n\t\t\t\t\t\t\t<div class=\"elementor-toggle-item\">\n\t\t\t\t\t<div id=\"elementor-tab-title-1233\" class=\"elementor-tab-title\" data-tab=\"3\" role=\"button\" aria-controls=\"elementor-tab-content-1233\" aria-expanded=\"false\">\n\t\t\t\t\t\t\t\t\t\t\t\t<span class=\"elementor-toggle-icon elementor-toggle-icon-left\" aria-hidden=\"true\">\n\t\t\t\t\t\t\t\t\t\t\t\t\t\t\t<span class=\"elementor-toggle-icon-closed\"><i class=\"fas fa-chevron-right\"><\/i><\/span>\n\t\t\t\t\t\t\t\t<span class=\"elementor-toggle-icon-opened\"><i class=\"elementor-toggle-icon-opened fas fa-chevron-down\"><\/i><\/span>\n\t\t\t\t\t\t\t\t\t\t\t\t\t<\/span>\n\t\t\t\t\t\t\t\t\t\t\t\t<a class=\"elementor-toggle-title\" tabindex=\"0\">Como se cadastrar como psic\u00f3logo em nossa clinica e atender online?<\/a>\n\t\t\t\t\t<\/div>\n\n\t\t\t\t\t<div id=\"elementor-tab-content-1233\" class=\"elementor-tab-content elementor-clearfix\" data-tab=\"3\" role=\"region\" aria-labelledby=\"elementor-tab-title-1233\"><p>Acesse o \u00edtem cadastro de psic\u00f3logos no menu superior e informe seus dados, baixando um contrato modelo ao clicar no bot\u00e3o baixe o contrato, e em seguida remeta-o com a devida concord\u00e2ncia e assinatura.<\/p><p><span style=\"color: var( --e-global-color-secondary ); font-size: 1.6rem;\">Aguarde nossa an\u00e1lise.<\/span><\/p><p>Quaisquer d\u00favidas que ainda tenham necessidade, pode realizar contato direto em nossa se\u00e7\u00e3o de contato, ou no bot\u00e3o de WhatsApp no canto inferior de sua tela, ou enviando e-mail para contato@clinicasaory.com, que assim nossa equipe de atendimento\u00a0 estar\u00e1 satisfazendo as suas d\u00favidas.<\/p><\/div>\n\t\t\t\t<\/div>\n\t\t\t\t\t\t\t<div class=\"elementor-toggle-item\">\n\t\t\t\t\t<div id=\"elementor-tab-title-1234\" class=\"elementor-tab-title\" data-tab=\"4\" role=\"button\" aria-controls=\"elementor-tab-content-1234\" aria-expanded=\"false\">\n\t\t\t\t\t\t\t\t\t\t\t\t<span class=\"elementor-toggle-icon elementor-toggle-icon-left\" aria-hidden=\"true\">\n\t\t\t\t\t\t\t\t\t\t\t\t\t\t\t<span class=\"elementor-toggle-icon-closed\"><i class=\"fas fa-chevron-right\"><\/i><\/span>\n\t\t\t\t\t\t\t\t<span class=\"elementor-toggle-icon-opened\"><i class=\"elementor-toggle-icon-opened fas fa-chevron-down\"><\/i><\/span>\n\t\t\t\t\t\t\t\t\t\t\t\t\t<\/span>\n\t\t\t\t\t\t\t\t\t\t\t\t<a class=\"elementor-toggle-title\" tabindex=\"0\">Nota fiscal autom\u00e1tica: Simples, R\u00e1pida e Sem burocracia para nossos clientes.<\/a>\n\t\t\t\t\t<\/div>\n\n\t\t\t\t\t<div id=\"elementor-tab-content-1234\" class=\"elementor-tab-content elementor-clearfix\" data-tab=\"4\" role=\"region\" aria-labelledby=\"elementor-tab-title-1234\"><p data-start=\"137\" data-end=\"336\">Aqui na Cl\u00ednica Sa\u00f4ry, a transpar\u00eancia e a praticidade s\u00e3o prioridades!<\/p><h3 class=\"\" data-start=\"338\" data-end=\"362\"><strong data-start=\"342\" data-end=\"360\">Como funciona?<\/strong><\/h3><p class=\"\" data-start=\"363\" data-end=\"674\">1\ufe0f\u20e3 <strong data-start=\"367\" data-end=\"407\">Voc\u00ea realiza o pagamento da consulta<\/strong> pelo link enviado no seu e-mail.<br data-start=\"440\" data-end=\"443\" \/>2\ufe0f\u20e3 <strong data-start=\"447\" data-end=\"489\">A nota fiscal \u00e9 gerada automaticamente<\/strong> e enviada para o seu e-mail cadastrado.<br data-start=\"529\" data-end=\"532\" \/>3\ufe0f\u20e3 <strong data-start=\"536\" data-end=\"547\">Pronto!<\/strong> Voc\u00ea pode us\u00e1-la para Imposto de Renda ou qualquer outra necessidade, sem precisar solicitar recibos ou comprovantes extras.<\/p><p class=\"\" data-start=\"676\" data-end=\"856\">\ud83d\udca1 <strong data-start=\"679\" data-end=\"703\">Vantagens para voc\u00ea:<\/strong><br data-start=\"703\" data-end=\"706\" \/>\u2714\ufe0f Mais praticidade: nada de pedir recibos depois!<br \/>\u2714\ufe0f Documento v\u00e1lido para reembolso do plano de sa\u00fade (verifique com a operadora) ou declara\u00e7\u00e3o do IR.<br \/>\u2714\ufe0fTranspar\u00eancia total na sua compra.<\/p><p class=\"\" data-start=\"858\" data-end=\"993\">Caso n\u00e3o encontre a nota fiscal no seu e-mail, <strong data-start=\"905\" data-end=\"934\">verifique a caixa de SPAM<\/strong>. Se ainda assim n\u00e3o localizar, entre em contato conosco!<\/p><p class=\"\" data-start=\"995\" data-end=\"1050\">\u2728 <strong data-start=\"997\" data-end=\"1045\">Sa\u00f4ry: facilitando sua jornada de bem-estar!<\/strong> \ud83d\udc99<\/p><p class=\"\" data-start=\"995\" data-end=\"1050\">\u00a0<\/p><\/div>\n\t\t\t\t<\/div>\n\t\t\t\t\t\t\t\t<\/div>\n\t\t\t\t\t\t<\/div>\n\t\t\t\t<\/div>\n\t\t\t\t\t<\/div>\n\t\t<\/div>\n\t\t\t\t\t<\/div>\n\t\t<\/section>\n\t\t\t\t<\/div>\n\t\t","protected":false},"excerpt":{"rendered":"<p>Como funciona Saiba como realizar um agendamento. Como agendar sua consulta na Cl\u00ednica Sa\u00f4ry Agendar sua consulta \u00e9 simples e r\u00e1pido! Siga o passo a passo abaixo: 1. Escolha seu servi\u00e7o e profissional Clique em \u201cAgendamento\u201d no site. Selecione o servi\u00e7o desejado. Escolha o profissional com quem deseja se consultar. 2. Escolha a data e [&hellip;]<\/p>\n","protected":false},"author":2,"featured_media":0,"parent":0,"menu_order":0,"comment_status":"closed","ping_status":"closed","template":"elementor_header_footer","meta":{"_acf_changed":false,"_joinchat":[],"footnotes":""},"class_list":["post-19","page","type-page","status-publish","hentry","wpbf-post"],"acf":[],"yoast_head":"<!-- This site is optimized with the Yoast SEO plugin v27.4 - https:\/\/yoast.com\/product\/yoast-seo-wordpress\/ -->\n<title>Como Funciona - Cl\u00ednica Sa\u00f4ry<\/title>\n<meta name=\"robots\" content=\"index, follow, max-snippet:-1, max-image-preview:large, max-video-preview:-1\" \/>\n<link rel=\"canonical\" href=\"https:\/\/clinicasaory.com\/desenvolvimento\/como-funciona\/\" \/>\n<meta property=\"og:locale\" content=\"pt_BR\" \/>\n<meta property=\"og:type\" content=\"article\" \/>\n<meta property=\"og:title\" content=\"Como Funciona - Cl\u00ednica Sa\u00f4ry\" \/>\n<meta property=\"og:description\" content=\"Como funciona Saiba como realizar um agendamento. Como agendar sua consulta na Cl\u00ednica Sa\u00f4ry Agendar sua consulta \u00e9 simples e r\u00e1pido! Siga o passo a passo abaixo: 1. Escolha seu servi\u00e7o e profissional Clique em \u201cAgendamento\u201d no site. Selecione o servi\u00e7o desejado. Escolha o profissional com quem deseja se consultar. 2. Escolha a data e [&hellip;]\" \/>\n<meta property=\"og:url\" content=\"https:\/\/clinicasaory.com\/desenvolvimento\/como-funciona\/\" \/>\n<meta property=\"og:site_name\" content=\"Cl\u00ednica Sa\u00f4ry\" \/>\n<meta property=\"article:modified_time\" content=\"2026-01-10T15:40:01+00:00\" \/>\n<meta name=\"twitter:card\" content=\"summary_large_image\" \/>\n<meta name=\"twitter:label1\" content=\"Est. tempo de leitura\" \/>\n\t<meta name=\"twitter:data1\" content=\"4 minutos\" \/>\n<script type=\"application\/ld+json\" class=\"yoast-schema-graph\">{\"@context\":\"https:\\\/\\\/schema.org\",\"@graph\":[{\"@type\":\"WebPage\",\"@id\":\"https:\\\/\\\/clinicasaory.com\\\/desenvolvimento\\\/como-funciona\\\/\",\"url\":\"https:\\\/\\\/clinicasaory.com\\\/desenvolvimento\\\/como-funciona\\\/\",\"name\":\"Como Funciona - Cl\u00ednica Sa\u00f4ry\",\"isPartOf\":{\"@id\":\"https:\\\/\\\/clinicasaory.com\\\/desenvolvimento\\\/#website\"},\"datePublished\":\"2022-09-16T13:08:21+00:00\",\"dateModified\":\"2026-01-10T15:40:01+00:00\",\"breadcrumb\":{\"@id\":\"https:\\\/\\\/clinicasaory.com\\\/desenvolvimento\\\/como-funciona\\\/#breadcrumb\"},\"inLanguage\":\"pt-BR\",\"potentialAction\":[{\"@type\":\"ReadAction\",\"target\":[\"https:\\\/\\\/clinicasaory.com\\\/desenvolvimento\\\/como-funciona\\\/\"]}]},{\"@type\":\"BreadcrumbList\",\"@id\":\"https:\\\/\\\/clinicasaory.com\\\/desenvolvimento\\\/como-funciona\\\/#breadcrumb\",\"itemListElement\":[{\"@type\":\"ListItem\",\"position\":1,\"name\":\"Home\",\"item\":\"https:\\\/\\\/clinicasaory.com\\\/desenvolvimento\\\/\"},{\"@type\":\"ListItem\",\"position\":2,\"name\":\"Como Funciona\"}]},{\"@type\":\"WebSite\",\"@id\":\"https:\\\/\\\/clinicasaory.com\\\/desenvolvimento\\\/#website\",\"url\":\"https:\\\/\\\/clinicasaory.com\\\/desenvolvimento\\\/\",\"name\":\"Cl\u00ednica Sa\u00f4ry\",\"description\":\"Seu bem-estar em primeiro lugar!\",\"publisher\":{\"@id\":\"https:\\\/\\\/clinicasaory.com\\\/desenvolvimento\\\/#organization\"},\"potentialAction\":[{\"@type\":\"SearchAction\",\"target\":{\"@type\":\"EntryPoint\",\"urlTemplate\":\"https:\\\/\\\/clinicasaory.com\\\/desenvolvimento\\\/?s={search_term_string}\"},\"query-input\":{\"@type\":\"PropertyValueSpecification\",\"valueRequired\":true,\"valueName\":\"search_term_string\"}}],\"inLanguage\":\"pt-BR\"},{\"@type\":\"Organization\",\"@id\":\"https:\\\/\\\/clinicasaory.com\\\/desenvolvimento\\\/#organization\",\"name\":\"Cl\u00ednica Sa\u00f4ry\",\"url\":\"https:\\\/\\\/clinicasaory.com\\\/desenvolvimento\\\/\",\"logo\":{\"@type\":\"ImageObject\",\"inLanguage\":\"pt-BR\",\"@id\":\"https:\\\/\\\/clinicasaory.com\\\/desenvolvimento\\\/#\\\/schema\\\/logo\\\/image\\\/\",\"url\":\"https:\\\/\\\/clinicasaory.com\\\/desenvolvimento\\\/wp-content\\\/uploads\\\/2022\\\/09\\\/SAORY-VINHO-2-e1734089525791.png\",\"contentUrl\":\"https:\\\/\\\/clinicasaory.com\\\/desenvolvimento\\\/wp-content\\\/uploads\\\/2022\\\/09\\\/SAORY-VINHO-2-e1734089525791.png\",\"width\":500,\"height\":165,\"caption\":\"Cl\u00ednica Sa\u00f4ry\"},\"image\":{\"@id\":\"https:\\\/\\\/clinicasaory.com\\\/desenvolvimento\\\/#\\\/schema\\\/logo\\\/image\\\/\"}}]}<\/script>\n<!-- \/ Yoast SEO plugin. -->","yoast_head_json":{"title":"Como Funciona - Cl\u00ednica Sa\u00f4ry","robots":{"index":"index","follow":"follow","max-snippet":"max-snippet:-1","max-image-preview":"max-image-preview:large","max-video-preview":"max-video-preview:-1"},"canonical":"https:\/\/clinicasaory.com\/desenvolvimento\/como-funciona\/","og_locale":"pt_BR","og_type":"article","og_title":"Como Funciona - Cl\u00ednica Sa\u00f4ry","og_description":"Como funciona Saiba como realizar um agendamento. Como agendar sua consulta na Cl\u00ednica Sa\u00f4ry Agendar sua consulta \u00e9 simples e r\u00e1pido! Siga o passo a passo abaixo: 1. Escolha seu servi\u00e7o e profissional Clique em \u201cAgendamento\u201d no site. Selecione o servi\u00e7o desejado. Escolha o profissional com quem deseja se consultar. 2. Escolha a data e [&hellip;]","og_url":"https:\/\/clinicasaory.com\/desenvolvimento\/como-funciona\/","og_site_name":"Cl\u00ednica Sa\u00f4ry","article_modified_time":"2026-01-10T15:40:01+00:00","twitter_card":"summary_large_image","twitter_misc":{"Est. tempo de leitura":"4 minutos"},"schema":{"@context":"https:\/\/schema.org","@graph":[{"@type":"WebPage","@id":"https:\/\/clinicasaory.com\/desenvolvimento\/como-funciona\/","url":"https:\/\/clinicasaory.com\/desenvolvimento\/como-funciona\/","name":"Como Funciona - Cl\u00ednica Sa\u00f4ry","isPartOf":{"@id":"https:\/\/clinicasaory.com\/desenvolvimento\/#website"},"datePublished":"2022-09-16T13:08:21+00:00","dateModified":"2026-01-10T15:40:01+00:00","breadcrumb":{"@id":"https:\/\/clinicasaory.com\/desenvolvimento\/como-funciona\/#breadcrumb"},"inLanguage":"pt-BR","potentialAction":[{"@type":"ReadAction","target":["https:\/\/clinicasaory.com\/desenvolvimento\/como-funciona\/"]}]},{"@type":"BreadcrumbList","@id":"https:\/\/clinicasaory.com\/desenvolvimento\/como-funciona\/#breadcrumb","itemListElement":[{"@type":"ListItem","position":1,"name":"Home","item":"https:\/\/clinicasaory.com\/desenvolvimento\/"},{"@type":"ListItem","position":2,"name":"Como Funciona"}]},{"@type":"WebSite","@id":"https:\/\/clinicasaory.com\/desenvolvimento\/#website","url":"https:\/\/clinicasaory.com\/desenvolvimento\/","name":"Cl\u00ednica Sa\u00f4ry","description":"Seu bem-estar em primeiro lugar!","publisher":{"@id":"https:\/\/clinicasaory.com\/desenvolvimento\/#organization"},"potentialAction":[{"@type":"SearchAction","target":{"@type":"EntryPoint","urlTemplate":"https:\/\/clinicasaory.com\/desenvolvimento\/?s={search_term_string}"},"query-input":{"@type":"PropertyValueSpecification","valueRequired":true,"valueName":"search_term_string"}}],"inLanguage":"pt-BR"},{"@type":"Organization","@id":"https:\/\/clinicasaory.com\/desenvolvimento\/#organization","name":"Cl\u00ednica Sa\u00f4ry","url":"https:\/\/clinicasaory.com\/desenvolvimento\/","logo":{"@type":"ImageObject","inLanguage":"pt-BR","@id":"https:\/\/clinicasaory.com\/desenvolvimento\/#\/schema\/logo\/image\/","url":"https:\/\/clinicasaory.com\/desenvolvimento\/wp-content\/uploads\/2022\/09\/SAORY-VINHO-2-e1734089525791.png","contentUrl":"https:\/\/clinicasaory.com\/desenvolvimento\/wp-content\/uploads\/2022\/09\/SAORY-VINHO-2-e1734089525791.png","width":500,"height":165,"caption":"Cl\u00ednica Sa\u00f4ry"},"image":{"@id":"https:\/\/clinicasaory.com\/desenvolvimento\/#\/schema\/logo\/image\/"}}]}},"_links":{"self":[{"href":"https:\/\/clinicasaory.com\/desenvolvimento\/wp-json\/wp\/v2\/pages\/19","targetHints":{"allow":["GET"]}}],"collection":[{"href":"https:\/\/clinicasaory.com\/desenvolvimento\/wp-json\/wp\/v2\/pages"}],"about":[{"href":"https:\/\/clinicasaory.com\/desenvolvimento\/wp-json\/wp\/v2\/types\/page"}],"author":[{"embeddable":true,"href":"https:\/\/clinicasaory.com\/desenvolvimento\/wp-json\/wp\/v2\/users\/2"}],"replies":[{"embeddable":true,"href":"https:\/\/clinicasaory.com\/desenvolvimento\/wp-json\/wp\/v2\/comments?post=19"}],"version-history":[{"count":64,"href":"https:\/\/clinicasaory.com\/desenvolvimento\/wp-json\/wp\/v2\/pages\/19\/revisions"}],"predecessor-version":[{"id":3068,"href":"https:\/\/clinicasaory.com\/desenvolvimento\/wp-json\/wp\/v2\/pages\/19\/revisions\/3068"}],"wp:attachment":[{"href":"https:\/\/clinicasaory.com\/desenvolvimento\/wp-json\/wp\/v2\/media?parent=19"}],"curies":[{"name":"wp","href":"https:\/\/api.w.org\/{rel}","templated":true}]}}